{"id":2442,"date":"2019-03-25T15:03:05","date_gmt":"2019-03-25T15:03:05","guid":{"rendered":"https:\/\/datos.vigo.org\/?page_id=2442"},"modified":"2019-09-20T12:21:27","modified_gmt":"2019-09-20T12:21:27","slug":"envia-app","status":"publish","type":"page","link":"https:\/\/datos.vigo.org\/es\/envia-app\/","title":{"rendered":"\u00a1Env\u00eda tu aplicaci\u00f3n!"},"content":{"rendered":"<p><\/p>\n<h1 class=\"titulo-vigo\" style=\"text-align:center;\">\u00a1Env\u00eda tu App!<\/h1>\n<p style=\"text-align: center; padding-bottom: 20px;\">Env\u00edanos tu aplicaci\u00f3n realizada a partir de los datos publicados en el portal Open Data Concello de Vigo y podr\u00e1 ser publicada dentro de nuestra secci\u00f3n de aplicaciones desarrolladas por terceros.<\/p>\n<p style=\"text-align: center;\"><p class=\"wpcf7-subscribers-only\">Este formulario de contacto solo est\u00e1 disponible para usuarios registrados.<\/p><\/p>\n<p><\/p>","protected":false},"excerpt":{"rendered":"<p>\u00a1Env\u00eda tu App! Env\u00edanos tu aplicaci\u00f3n realizada a partir de los datos publicados en el portal Open Data Concello de Vigo y podr\u00e1 ser publicada&hellip;<\/p>\n","protected":false},"author":1,"featured_media":0,"parent":0,"menu_order":0,"comment_status":"closed","ping_status":"closed","template":"","meta":{"_monsterinsights_skip_tracking":false,"_monsterinsights_sitenote_active":false,"_monsterinsights_sitenote_note":"","_monsterinsights_sitenote_category":0,"footnotes":""},"class_list":["post-2442","page","type-page","status-publish","hentry"],"_links":{"self":[{"href":"https:\/\/datos.vigo.org\/es\/wp-json\/wp\/v2\/pages\/2442","targetHints":{"allow":["GET"]}}],"collection":[{"href":"https:\/\/datos.vigo.org\/es\/wp-json\/wp\/v2\/pages"}],"about":[{"href":"https:\/\/datos.vigo.org\/es\/wp-json\/wp\/v2\/types\/page"}],"author":[{"embeddable":true,"href":"https:\/\/datos.vigo.org\/es\/wp-json\/wp\/v2\/users\/1"}],"replies":[{"embeddable":true,"href":"https:\/\/datos.vigo.org\/es\/wp-json\/wp\/v2\/comments?post=2442"}],"version-history":[{"count":13,"href":"https:\/\/datos.vigo.org\/es\/wp-json\/wp\/v2\/pages\/2442\/revisions"}],"predecessor-version":[{"id":3059,"href":"https:\/\/datos.vigo.org\/es\/wp-json\/wp\/v2\/pages\/2442\/revisions\/3059"}],"wp:attachment":[{"href":"https:\/\/datos.vigo.org\/es\/wp-json\/wp\/v2\/media?parent=2442"}],"curies":[{"name":"wp","href":"https:\/\/api.w.org\/{rel}","templated":true}]}}