{"id":2686,"date":"2019-08-21T08:39:11","date_gmt":"2019-08-21T08:39:11","guid":{"rendered":"https:\/\/datos.vigo.org\/?page_id=2686"},"modified":"2024-06-13T06:18:24","modified_gmt":"2024-06-13T06:18:24","slug":"vigo-ciudad-de-la-ciencia-y-la-innovacion","status":"publish","type":"page","link":"https:\/\/datos.vigo.org\/es\/vigo-ciudad-de-la-ciencia-y-la-innovacion\/","title":{"rendered":"Vigo Ciudad de la Ciencia y la Innovaci\u00f3n"},"content":{"rendered":"<p><\/p>\n<h1 class=\"titulo-vigo\" align=\"justify\">Vigo Ciudad de la Ciencia y la Innovaci\u00f3n<\/h1>\n<p><img fetchpriority=\"high\" decoding=\"async\" class=\"aligncenter wp-image-2802\" src=\"https:\/\/datos.vigo.org\/wp-content\/uploads\/2019\/08\/vigo-1024x413.jpg\" alt=\"\" width=\"1200\" height=\"484\" srcset=\"https:\/\/datos.vigo.org\/wp-content\/uploads\/2019\/08\/vigo-1024x413.jpg 1024w, https:\/\/datos.vigo.org\/wp-content\/uploads\/2019\/08\/vigo-300x121.jpg 300w, https:\/\/datos.vigo.org\/wp-content\/uploads\/2019\/08\/vigo-768x310.jpg 768w, https:\/\/datos.vigo.org\/wp-content\/uploads\/2019\/08\/vigo.jpg 2000w\" sizes=\"(max-width: 1200px) 100vw, 1200px\" \/><\/p>\n<p align=\"justify\"><strong>La ciudad de Vigo<\/strong>, situada al noroeste de Espa\u00f1a, es el municipio m\u00e1s poblado de Galicia y ha sido la ciudad con mayor crecimiento demogr\u00e1fico durante el siglo XX en Europa y es, a d\u00eda de hoy, una de las ciudades m\u00e1s j\u00f3venes de Espa\u00f1a.<\/p>\n<p align=\"justify\">Vigo tiene una poblaci\u00f3n de casi 300.000 habitantes aunque en realidad cada d\u00eda viven, trabajan y estudian en esta ciudad casi medio mill\u00f3n de personas, representando el 32% de la poblaci\u00f3n de la provincia de Pontevedra y el 12% de la poblaci\u00f3n de Galicia. Para analizar el contexto territorial de la ciudad, debemos recordar que el dinamismo econ\u00f3mico de Vigo ha provocado hist\u00f3ricamente, y sobre todo a partir de los a\u00f1os 50 del siglo XX, la confluencia de una serie de factores que la han convertido en una de las <strong>zonas m\u00e1s din\u00e1micas del Eje Atl\u00e1ntico<\/strong>.<\/p>\n<p align=\"justify\">El <strong>puerto de Vigo es uno de los m\u00e1s importantes de Espa\u00f1a y el primero de Europa por tr\u00e1fico pesquero<\/strong>, a lo cual debe su dinamismo econ\u00f3mico, basado fundamentalmente en industria y en sus servicios subsidiarios.<\/p>\n<p align=\"justify\">Todo ello se ha traducido a nivel territorial en una permeabilidad de <strong>tr\u00e1fico diario de personas y de mercanc\u00edas<\/strong>, y ha posibilitado el que se constituyera como <strong>importante centro de negocios y expendedora de todo tipo de servicios<\/strong>, sobre un <strong>amplio radio de influencia cercano al medio mill\u00f3n de personas<\/strong>.<\/p>\n<p align=\"justify\">Dos elementos determinan el crecimiento de Vigo: su posicionamiento como<strong> centro de una gran \u00e1rea metropolitana<\/strong>, y ser el <strong>centro geogr\u00e1fico de la Eurorregi\u00f3n Galicia-Norte de Portugal<\/strong> que abarca desde la ciudad de Oporto hasta Ferrol, y que acoge una poblaci\u00f3n de alrededor de <strong>6,3 millones de habitantes<\/strong>.<\/p>\n<p align=\"justify\">Su localizaci\u00f3n constituye una de sus mayores oportunidades en la medida en que se convierte en <strong>uno de los mayores centros de servicios de este espacio econ\u00f3mico<\/strong>. La accesibilidad est\u00e1 determinada por la autov\u00eda A-9, que estructura toda la Eurorregi\u00f3n y la nacional que conecta las dos con la red portuguesa, la cual permite el acceso de la poblaci\u00f3n en un tiempo m\u00e1ximo de una hora y media.<\/p>\n<p align=\"justify\">La conexi\u00f3n mar\u00edtima de la ciudad as\u00ed como la existencia de la <strong>Zona Franca<\/strong>, fueron los dos factores m\u00e1s determinantes para que el <strong>Grupo PS<\/strong>A decidiese localizarse en Vigo. El Centro de PSA-Vigo ya ha producido su <strong>veh\u00edculo 16 millones<\/strong>, ha probado un prototipo de <strong>coche aut\u00f3nomo de Vigo a Madrid<\/strong> y est\u00e1 realizando una profunda transformaci\u00f3n con el objetivo de implantar los nuevos conceptos tecnol\u00f3gicos de la <strong>F\u00e1brica 4.0<\/strong>.<\/p>\n<p align=\"justify\">El cl\u00faster de Vigo de la automoci\u00f3n de Galicia <strong>CEAGA<\/strong>, es referencia en Espa\u00f1a y Europa, y agrupa a todo el sector de automoci\u00f3n: al fabricante, el Centro de Vigo del Grupo PSA, a m\u00e1s de 120 empresas de componentes y servicios y al Centro Tecnol\u00f3gico de Automoci\u00f3n de Galicia, CTAG. El Ministerio de Industria, Energ\u00eda y Turismo (Minetur) califica a CEAGA, en su registro, como Agrupaci\u00f3n Empresarial Innovadora \u201cExcelente\u201d (AEI).<\/p>\n<h2 align=\"justify\">Centros de Ciencia e innovaci\u00f3n en la ciudad<\/h2>\n<p align=\"justify\">La <strong>Universidad de Vigo<\/strong> cuenta con tres campus especializados con m\u00e1s de 30 centros de formaci\u00f3n con casi 2.300 personas investigadoras y el <strong>Campus de Excelencia Internacional, Campus do Mar<\/strong>, que agrega a m\u00e1s de 3.000 personas investigadoras, formando una red transfronteriza de investigaci\u00f3n.<\/p>\n<p align=\"justify\">La Universidad de Vigo tiene <strong>185 grupos de investigaci\u00f3n<\/strong> y ha conseguido captar recursos por m\u00e1s de 24 millones de euros, generar m\u00e1s de <strong>200 patentes activas<\/strong>, 30 nuevas empresas basadas en el conocimiento y generar m\u00e1s de 6 millones de euros en I+D contratada.<\/p>\n<p align=\"justify\">La Universidad cuenta con tres <strong>centros de investigaci\u00f3n<\/strong> que permiten agrupar sus capacidades de una forma eficaz: <strong>atlanTTic<\/strong>, el centro de investigaci\u00f3n en tecnolog\u00edas de telecomunicaci\u00f3n (con 160 personas investigadoras), <strong>CINBIO<\/strong>, el centro de investigaci\u00f3n biom\u00e9dica (con 230 personas investigadoras), y <strong>CIM<\/strong>, el centro de investigaciones marinas (con 200 personas investigadoras). Todos ellos crean un ecosistema investigador del que se nutren los sectores TIC, marino y biom\u00e9dico, y en el que el sector aeroespacial est\u00e1 empezando a asomar igualmente.<\/p>\n<p align=\"justify\"><strong>CITEXVI es el Parque Cient\u00edfico y Tecnol\u00f3gico<\/strong> de la Universidad de Vigo da soporte a los grupos de investigaci\u00f3n de la universidad y presta servicios tecnol\u00f3gicos avanzados al desarrollo de proyectos de I+D+i empresarial que cooperan e integran grupos de investigaci\u00f3n en su ejecuci\u00f3n.<\/p>\n<p align=\"justify\"><strong>El \u00e1rea de Vigo cuenta con 5 de los 6 centros tecnol\u00f3gicos de Galicia<\/strong>, que ostentan un destacado reconocimiento, tanto a nivel nacional como internacional, como el <strong>CTAG<\/strong> (Centro Tecnol\u00f3gico de Automoci\u00f3n de Galicia); <strong>CECOPESCA<\/strong> (Centro Tecnol\u00f3gico de la Industria Marino Alimentaria); <strong>AIMEN<\/strong> (Centro Tecnol\u00f3gico del Metalmec\u00e1nico); <strong>EnergyLab<\/strong> (Centro Tecnol\u00f3gico Eficiencia y Sostenibilidad) o <strong>Gradiant<\/strong> (Centro Tecnol\u00f3gico de Telecomunicaciones).<\/p>\n<p align=\"justify\">Los 6 centros tecnol\u00f3gicos, integrados en <strong>ATIGA<\/strong>, suponen m\u00e1s del 25% de la facturaci\u00f3n de los centros tecnol\u00f3gicos nacionales de excelencia integrados en FEDIT (Federaci\u00f3n Espa\u00f1ola de Centros Tecnol\u00f3gicos). Con 1.129 empleados, tienen una cartera de clientes de m\u00e1s de 2.000 empresas en un total de 27 pa\u00edses y rondan los 65 millones de euros de ingresos.<\/p>\n<p align=\"justify\">Destacan tambi\u00e9n en Vigo, los centros de investigaci\u00f3n, como el<strong> IEO (Instituto Espa\u00f1ol de Oceanograf\u00eda)<\/strong> o el <strong>IIM-CSIC (Instituto de Investigaciones Marinas)<\/strong>, e iniciativas como el <strong>CINAE (Centro de Innovaci\u00f3n Aeroespacial)<\/strong>.<\/p>\n<p align=\"justify\">La innovaci\u00f3n de Vigo ha llegado hasta el espacio con los <strong>4 sat\u00e9lites<\/strong> puestos en \u00f3rbita por la <strong>Agrupaci\u00f3n Aeroespacial de la Universidad de Vigo<\/strong>, y hasta la <strong>OTAN<\/strong>, que est\u00e1 ensayando la vigilancia mar\u00edtima con la tecnolog\u00eda de an\u00e1lisis de objetos del Centro Tecnol\u00f3gico de Telecomunicaciones <strong>Gradiant<\/strong>.<\/p>\n<p align=\"justify\">Vigo tiene un gran capital de personas dedicadas a la <strong>ciencia e innovaci\u00f3n<\/strong>. Destacando las <strong>iniciativas por la igualdad de g\u00e9nero<\/strong>, tanto en los centro tecnol\u00f3gicos como en la universidad, con el objetivo de darle visibilidad al trabajo realizado por las cient\u00edficas, creando roles femeninos en el \u00e1mbito de la ciencia y la ingenier\u00eda e impulsando pr\u00e1cticas que favorezcan la igualdad de g\u00e9nero y potenciando el \u201cD\u00eda de la Mujer y la Ni\u00f1a en la Ciencia\u201d.<\/p>\n<p align=\"justify\">Existe tambi\u00e9n con un tejido incipiente de <strong>empresas innovadoras y de personas investigadoras<\/strong> <strong>y emprendedoras<\/strong> vinculadas a zonas urbanas de viveros de empresas o coworking, en parques tecnol\u00f3gicos y espacios activos como <strong>Zona Franca<\/strong>.<\/p>\n<h2 align=\"justify\">Proyectos impulsados desde el ayuntamiento<\/h2>\n<p align=\"justify\"><strong>El ayuntamiento de Vigo no es ajeno a este ecosistema de innovaci\u00f3n<\/strong> y participa de forma activa y coordinada con los agentes de la innovaci\u00f3n en proyectos de investigaci\u00f3n en la ciudad, adem\u00e1s de generar <strong>I+D+i propio<\/strong>.<\/p>\n<p align=\"justify\"><strong>Vigo es un referente a nivel europeo en proyectos de movilidad con sistemas cooperativos V2I y C-ITS<\/strong>. Hito conseguido gracias a colaboraci\u00f3n del ayuntamiento de Vigo con centros tecnol\u00f3gicos como el <strong>CTAG<\/strong>, el cl\u00faster de la automoci\u00f3n <strong>CEAGA<\/strong>, empresas privadas, y ayuntamientos de otras ciudades europeas, en proyectos como el Compass4D, C-Mobile, C-Roads, Co2Perautos2 o Co-gistics.<\/p>\n<p align=\"justify\">En 2017 se inicia el proyecto \u201c<strong>AutoPilot<\/strong>\u201d de <strong>coche aut\u00f3nomo<\/strong>, en colaboraci\u00f3n entre ayuntamiento con el <strong>Grupo PSA<\/strong> y el <strong>CTAG<\/strong>. Y en 2018 arranca el proyecto <strong>5G-MOBIX<\/strong>, tambi\u00e9n con participaci\u00f3n del ayuntamiento, que probar\u00e1 diferentes casos de uso que requieren una conectividad de alto rendimiento en el corredor Vigo-Oporto y veh\u00edculos automatizados con 5G.<\/p>\n<p align=\"justify\">El ayuntamiento present\u00f3 su <strong>plan de smart city<\/strong> y su <strong>plataforma smart city VCI+<\/strong>, creada con I+D propio, que ya se est\u00e1 evolucionando a la versi\u00f3n 2.0 con tecnolog\u00eda del est\u00e1ndar europeo <strong>FiWARE<\/strong>. Y ha presentado un proyecto de innovaci\u00f3n de<strong> smart buildings<\/strong> a Red.es, de 5 millones de euros de financiaci\u00f3n, con m\u00e1s de 170 edificios implicados as\u00ed como el puerto, aeropuerto y la estaci\u00f3n de tren, con el objetivo de <strong>mejorar la calidad de vida de la ciudadan\u00eda a trav\u00e9s de la innovaci\u00f3n<\/strong>.<\/p>\n<p align=\"justify\">Actualmente tambi\u00e9n est\u00e1 implicado en el proyecto <strong>Estrategia de Desarrollo Urbano Vigo Vertical (DUSI)<\/strong>, que pretenden impulsar la ciudad <strong>accesible, referente e innovadora<\/strong> y en la candidatura de Vigo de \u201c<strong>Islas C\u00edes Patrimonio de la Humanidad<\/strong>\u201d con un gran componente de difusi\u00f3n cient\u00edfica e investigaci\u00f3n en colaboraci\u00f3n con centros cient\u00edficos como el <strong>CSIC<\/strong> y el <strong>Instituto Espa\u00f1ol de Oceanograf\u00eda de Vigo.<\/strong><\/p>\n<p align=\"justify\">Esta <strong>apuesta de la ciudad por el I+D+i<\/strong> ha sido clave para que, en la comarca de Vigo, est\u00e9n las sedes de 24 de las 100 empresas de Galicia con mayor facturaci\u00f3n. <strong>La provincia de Pontevedra, con Vigo a la cabeza, concentra m\u00e1s del 50% de las empresas certificadas como innovadoras en toda Galicia<\/strong> (indicador ARDAN 2017) resultando la provincia con el mayor porcentaje de empresas innovadoras a nivel gallego.<\/p>\n<p align=\"justify\">Con este contexto podemos afirmar que \u201c<strong>Vigo es la capital de la Innovaci\u00f3n de Galicia<\/strong>\u201d y un claro referente nacional e internacional.<\/p>\n<p><\/p>","protected":false},"excerpt":{"rendered":"<p>Vigo Ciudad de la Ciencia y la Innovaci\u00f3n La ciudad de Vigo, situada al noroeste de Espa\u00f1a, es el municipio m\u00e1s poblado de Galicia y&hellip;<\/p>\n","protected":false},"author":4,"featured_media":0,"parent":0,"menu_order":0,"comment_status":"closed","ping_status":"closed","template":"","meta":{"_monsterinsights_skip_tracking":false,"_monsterinsights_sitenote_active":false,"_monsterinsights_sitenote_note":"","_monsterinsights_sitenote_category":0,"footnotes":""},"class_list":["post-2686","page","type-page","status-publish","hentry"],"_links":{"self":[{"href":"https:\/\/datos.vigo.org\/es\/wp-json\/wp\/v2\/pages\/2686","targetHints":{"allow":["GET"]}}],"collection":[{"href":"https:\/\/datos.vigo.org\/es\/wp-json\/wp\/v2\/pages"}],"about":[{"href":"https:\/\/datos.vigo.org\/es\/wp-json\/wp\/v2\/types\/page"}],"author":[{"embeddable":true,"href":"https:\/\/datos.vigo.org\/es\/wp-json\/wp\/v2\/users\/4"}],"replies":[{"embeddable":true,"href":"https:\/\/datos.vigo.org\/es\/wp-json\/wp\/v2\/comments?post=2686"}],"version-history":[{"count":25,"href":"https:\/\/datos.vigo.org\/es\/wp-json\/wp\/v2\/pages\/2686\/revisions"}],"predecessor-version":[{"id":3406,"href":"https:\/\/datos.vigo.org\/es\/wp-json\/wp\/v2\/pages\/2686\/revisions\/3406"}],"wp:attachment":[{"href":"https:\/\/datos.vigo.org\/es\/wp-json\/wp\/v2\/media?parent=2686"}],"curies":[{"name":"wp","href":"https:\/\/api.w.org\/{rel}","templated":true}]}}