{"id":2748,"date":"2019-08-26T11:47:33","date_gmt":"2019-08-26T11:47:33","guid":{"rendered":"https:\/\/datos.vigo.org\/?page_id=2748"},"modified":"2020-01-07T13:38:24","modified_gmt":"2020-01-07T13:38:24","slug":"condiciones-de-uso-de-los-datos","status":"publish","type":"page","link":"https:\/\/datos.vigo.org\/es\/condiciones-de-uso-de-los-datos\/","title":{"rendered":"Condiciones de uso de los datos"},"content":{"rendered":"<p><\/p>\n<h1>Condiciones de uso de los datos<\/h1>\n<h2>Introducci\u00f3n<\/h2>\n<p align=\"justify\">La Norma UNE 178301:2015 de \u201cDatos Abiertos (Open Data). Ciudades Inteligentes\u201d establece que los datos abiertos y la reutilizaci\u00f3n de la informaci\u00f3n del sector p\u00fablico constituyen dos aspectos esenciales en el camino hacia las Ciudades Inteligentes y al Gobierno Abierto.<\/p>\n<p align=\"justify\">La informaci\u00f3n que las Administraciones P\u00fablicas generan, recopilan y custodian constituye un activo importante y de alto valor a\u00f1adido para la creaci\u00f3n de nuevos y m\u00e1s innovadores productos y servicios que contribuir\u00e1n al desarrollo de una sociedad m\u00e1s avanzada y que nos abre la puerta a todo un abanico de posibilidades de crecimiento econ\u00f3mico y social, donde la apertura de estos datos y la puesta a disposici\u00f3n para su reutilizaci\u00f3n es imprescindible para dar respuesta a las nuevas demandas de la sociedad.<\/p>\n<p align=\"justify\">Esta apertura de la informaci\u00f3n constituye a su vez un pilar fundamental en las iniciativas de gobierno abierto basado en la transparencia de las pol\u00edticas p\u00fablicas y en el fomento de una democracia mucho m\u00e1s activa y participativa que, en nuestro ordenamiento jur\u00eddico, es un hecho que se vio materializado en la Ley 19\/2013, de 9 de diciembre, de transparencia, acceso a la informaci\u00f3n p\u00fablica y buen gobierno.<\/p>\n<p align=\"justify\">La Uni\u00f3n Europea, asimismo, apuesta por el impulso de los datos abiertos y el fomento de su reutilizaci\u00f3n en los Estados Miembros, con la publicaci\u00f3n de la Directiva 2013\/37\/UE del Parlamento Europeo y del Consejo, de 26 de junio de 2013, por la que se modifica la Directiva 2003\/98\/CE relativa a la reutilizaci\u00f3n de la informaci\u00f3n del sector p\u00fablico.<\/p>\n<p align=\"justify\">Estas directivas comunitarias fueron transpuestas a nuestro ordenamiento jur\u00eddico, la Directiva 2003\/98\/CE a trav\u00e9s de la Ley 37\/2007, de 16 de noviembre, sobre reutilizaci\u00f3n de la informaci\u00f3n del sector p\u00fablico y, posteriormente, la Directiva 2013\/37\/UE por la Ley 18\/2015, de 9 de julio, por la que se modifica la Ley 37\/2007, de 16 de noviembre, sobre reutilizaci\u00f3n de la informaci\u00f3n del sector p\u00fablico.<\/p>\n<p align=\"justify\">As\u00ed, el ordenamiento jur\u00eddico espa\u00f1ol contempla dos leyes para regular el nuevo paradigma de gobierno abierto. Esto se debe la que cada una de ellas tiene una finalidad distinta y, en consecuencia, requieren que la informaci\u00f3n se presente de forma diferente, aunque en ambos casos proceda de la misma fuente de datos. En concreto, la Ley 19\/2013, de 9 de diciembre, de transparencia, acceso a la informaci\u00f3n p\u00fablica y buen gobierno, tiene como finalidad que la ciudadan\u00eda pueda fiscalizar el labor de las entidades p\u00fablicas de nuestro pa\u00eds, por lo que la informaci\u00f3n debe presentarse de la forma m\u00e1s comprensible para la ciudadan\u00eda; por otra parte, la Ley 37\/2007, de 16 de noviembre, tiene como finalidad que la sociedad civil pueda acercar valor a los servicios p\u00fablicos y que, adem\u00e1s, pueda ofrecerse mediante f\u00f3rmulas mercantiles que colaboren al crecimiento del sector infomediario, por lo que, en este contexto, la informaci\u00f3n debe presentarse de forma que se facilite su reutilizaci\u00f3n autom\u00e1tica por parte de los sistemas que ofrecen dicho valor a\u00f1adido.<\/p>\n<p align=\"justify\">Las Condiciones de uso de los conjuntos de datos prove\u00eddos por el Ayuntamiento de Vigo se amparan en la normativa vigente respeto de este tema: Ley 37\/2007, de 16 de noviembre, sobre reutilizaci\u00f3n de la informaci\u00f3n del sector p\u00fablico, que traspone la Directiva 2003\/98\/CE del Parlamento Europeo y del Consejo y la Ley 18\/2015, de 9 de julio, por la que se modifica la Ley 37\/2007, de 16 de noviembre, sobre reutilizaci\u00f3n de la informaci\u00f3n del sector p\u00fablico.<\/p>\n<h2>Usuarios del servicio<\/h2>\n<p align=\"justify\">Se considera usuario del servicio de Datos Abiertos (Open Data) del Ayuntamiento de Vigo a la persona o entidad que utilice, reproduzca, modifique o distribuya los conjuntos de datos que se ofrecen en el servicio Open Data del Ayuntamiento de Vigo tanto de forma directa c\u00f3mo a trav\u00e9s de aplicaciones o servicios.<\/p>\n<p align=\"justify\">Se considera agente reutilizador a cualquier persona, f\u00edsica o jur\u00eddica que reutilice, en cualquier forma, informaci\u00f3n del sector p\u00fablico.<\/p>\n<h2>Licencia aplicable a la reutilizaci\u00f3n de los datos<\/h2>\n<p align=\"justify\">La utilizaci\u00f3n de los datos y los servicios prove\u00eddos en este portal presupone la aceptaci\u00f3n de estas condiciones de uso. El hecho de aceptarlas no supone la concesi\u00f3n al usuario de los derechos de autor ni de la propiedad intelectual sobre los conjuntos de datos utilizados.<\/p>\n<p align=\"justify\">En todos los conjuntos de datos que se ofrecen en el servicio Open Data del Ayuntamiento de Vigo se indica que Condiciones de uso tienen.<\/p>\n<p align=\"justify\">De forma general y de acuerdo con el art\u00edculo 8 de la Ley 37\/2007, la reutilizaci\u00f3n de la informaci\u00f3n contenida en los conjuntos de datos est\u00e1 sometida a las condiciones siguientes:<\/p>\n<ul>\n<li>\n<p align=\"justify\">El contenido de la informaci\u00f3n no debe ser alterado.<\/p>\n<\/li>\n<li>\n<p align=\"justify\">No se desnaturalizar\u00e1 el sentido de la informaci\u00f3n.<\/p>\n<\/li>\n<li>\n<p align=\"justify\">Se debe citar la fuente.<\/p>\n<\/li>\n<li>\n<p align=\"justify\">Se debe mencionar la fecha disponible de la \u00faltima actualizaci\u00f3n.<\/p>\n<\/li>\n<li>\n<p align=\"justify\">Cuando la informaci\u00f3n contenga datos de car\u00e1cter personal, la finalidad o finalidades concretas para las que es posible a reutilizaci\u00f3n futura de los datos.<\/p>\n<\/li>\n<li>\n<p align=\"justify\">Cuando la informaci\u00f3n, aun siendo facilitada de forma disociada, contuviera elementos suficientes que pudieran permitir la identificaci\u00f3n de los interesados en el proceso de reutilizaci\u00f3n, la prohibici\u00f3n de revertir el procedimiento de disociaci\u00f3n mediante la adici\u00f3n de nuevos datos obtenidos de otras fuentes.<\/p>\n<\/li>\n<\/ul>\n<p align=\"justify\">La mayor\u00eda de conjuntos de datos se publican bajo los t\u00e9rminos de la licencia Creative Commons &#8211; Attribution (CC-BY 4.0). Est\u00e1 licencia est\u00e1 amparada en la opci\u00f3n prevista en el art\u00edculo 4.2.b) de la Ley de Reutilizaci\u00f3n, que literalmente dice que \u201cla reutilizaci\u00f3n de documentos con sujeci\u00f3n a condiciones sometidas a licencias-tipo.\u201d<\/p>\n<p align=\"justify\">Esta licencia permite que se pueda:<\/p>\n<ul>\n<li>\n<p align=\"justify\">Copiar, distribuir y divulgar p\u00fablicamente.<\/p>\n<\/li>\n<li>\n<p align=\"justify\">Modificar, transformar y adaptar.<\/p>\n<\/li>\n<li>\n<p align=\"justify\">Servir de base para obras derivadas como resultado de su an\u00e1lisis o estudio.<\/p>\n<\/li>\n<li>\n<p align=\"justify\">Ser utilizadas con fines comerciales o no comerciales, siempre que este uso no constituya una actividad administrativa p\u00fablica.<\/p>\n<\/li>\n<\/ul>\n<p align=\"justify\">A su vez esta licencia obliga a:<\/p>\n<ul>\n<li>\n<p align=\"justify\">Mencionar la autor\u00eda del Ayuntamiento de Vigo en los t\u00e9rminos establecidos m\u00e1s adelante.<\/p>\n<\/li>\n<\/ul>\n<p align=\"justify\">Con todo, en el caso de tipo de datos en los que hay participaci\u00f3n de terceros, la reutilizaci\u00f3n se ofrece a trav\u00e9s de la licencia Creative Commons . Atribuci\u00f3n-NoComercial-SinDerivadas 4.0 Internacional (CC BY-NC-ND 4.0), que permite reproducir y Compartir el Material Licenciado, en su totalidad o en parte, solamente para fines no comerciales; as\u00ed como producir y reproducir, pero no compartir material adaptado, para fines no comerciales.<\/p>\n<p align=\"justify\">La reutilizaci\u00f3n de los conjuntos de datos puestos a disposici\u00f3n de la ciudadan\u00eda por el Ayuntamiento de Vigo estar\u00e1 sujeta estrictamente a los t\u00e9rminos y condiciones vigentes en cada momento, que ser\u00e1n objeto de difusi\u00f3n a trav\u00e9s del apartado \u201caviso legal\u201d. La reutilizaci\u00f3n de datos se realizar\u00e1 dando pleno cumplimiento a las condiciones generales de la licencia aplicable en cada caso, que se podr\u00e1n consultar desde un link que estar\u00e1 en todo momento visible en el Portal Open Data, dentro del apartado \u201cAviso legal\u201d. Asimismo, el Ayuntamiento de Vigo podr\u00e1 en todo momento a\u00f1adir condiciones de uso adicionales a las gen\u00e9ricas aplicables a la Licencia Creative Commons, as\u00ed como modificar el contenido de las existentes con anterioridad. La modificaci\u00f3n de las condiciones aplicables a las licencias tendr\u00e1 pleno valor desde el momento de su publicaci\u00f3n en el apartado Aviso Legal del Portal de Datos Abiertos.<\/p>\n<p align=\"justify\">El Ayuntamiento de Vigo se reserva el derecho de publicar conjuntos de datos bajo otras condiciones espec\u00edficas de reutilizaci\u00f3n, como la posibilidad de generar el pago de contraprestaciones econ\u00f3micas, de acuerdo con el previsto en el art\u00edculo 7 de la Ley 37\/2007, con el fin de cubrir los costes asociados a la recogida, producci\u00f3n, reproducci\u00f3n y difusi\u00f3n de los conjuntos de datos.<\/p>\n<p align=\"justify\">En los casos en los que sea obligado reconocer la autor\u00eda y mencionar el Ayuntamiento de Vigo como la fuente de los conjuntos de datos, hay que hacerlo de la manera siguiente: \u201cFuente de los datos: Ayuntamiento de Vigo\u201d.<\/p>\n<p align=\"justify\">Si se incluye esta citaci\u00f3n en formato HTML, se puede utilizar el enlace siguiente:<\/p>\n<p align=\"justify\">Fuente de los datos: &lt;a href = \u00abhttps:\/\/datos.vigo.org\u201d title = \u00abOpen Data Vigo\u00bb&gt; Ayuntamiento de Vigo &lt;\/ a&gt;<\/p>\n<p align=\"justify\">Toda modificaci\u00f3n o transformaci\u00f3n llevada a cabo sobre los conjuntos de datos que publica el Ayuntamiento de Vigo ser\u00e1 identificada c\u00f3mo tal en el momento de distribuirlos.<\/p>\n<p align=\"justify\">Se insta al usuario a poner en conocimiento del Ayuntamiento de Vigo todos los proyectos relacionados o derivados del uso de los conjuntos de datos, de manera que sean expuestos de manera p\u00fablica con la finalidad de estimular las pol\u00edticas de reutilizaci\u00f3n de informaci\u00f3n del sector p\u00fablico.<\/p>\n<p align=\"justify\">Asimismo, el Ayuntamiento de Vigo puede requerir al usuario datos estad\u00edsticos relativos a los productos o servicios generados a partir de la informaci\u00f3n reutilizada, con el fin de conocer el uso real de la reutilizaci\u00f3n de la informaci\u00f3n y para mejorar el cat\u00e1logo de los datos disponibles.<\/p>\n<p align=\"justify\">En cuanto a los contenidos publicados en el portal de Open Data del Ayuntamiento de Vigo como noticias o contenidos adicionales, estos se liberan bajo una licencia de cultura libre, Creative Commons &#8211; Attribution (CC-BY 4.0), quedando excluidos todos los contenidos gr\u00e1ficos como im\u00e1genes, iconos y logos.<\/p>\n<p align=\"justify\">No se autoriza en ning\u00fan caso el uso de logotipos, marcas, escudos y s\u00edmbolos distintivos del Ayuntamiento de Vigo en publicaciones y webs que no sean participadas o patrocinadas por esta instituci\u00f3n. Estos elementos de identidad gr\u00e1fica corporativa son propiedad exclusiva del Ayuntamiento de Vigo y est\u00e1n protegidos por la legislaci\u00f3n vigente aplicable<\/p>\n<h2>Garant\u00eda y responsabilidad sobre los conjuntos de datos<\/h2>\n<p>El Ayuntamiento de Vigo ofrece los conjuntos de datos disponibles tal como constan nos sus archivos y, a pesar de los esfuerzos por gestionar de manera adecuada los conjuntos de datos, no puede asegurar la integridad, la actualizaci\u00f3n, la precisi\u00f3n o el acceso continuo a estos conjuntos de datos, y no ofrece ninguna garant\u00eda en este sentido.<\/p>\n<p>El Ayuntamiento de Vigo puede, en cualquier momento, a\u00f1adir, eliminar o modificar los conjuntos de datos publicados o estas Condiciones de uso. La \u00faltima versi\u00f3n se publicar\u00e1 en la p\u00e1gina web https:\/\/datos.vigo.org. Cualquier cambio que lleve a cabo ser\u00e1 efectivo desde el momento de su publicaci\u00f3n, a menos que se notifique el contrario.<\/p>\n<p align=\"justify\">Tanto el Ayuntamiento de Vigo como cualquiera de sus organismos, entidades o agentes, no se hacen responsables de los da\u00f1os o p\u00e9rdidas que, de manera directa o indirecta, tambi\u00e9n los que comportan perjuicios econ\u00f3micos, materiales o sobre datos, provoque o pueda provocar el uso de los conjuntos de datos.<\/p>\n<h2>Responsabilidad del usuario o agente de la reutilizaci\u00f3n<\/h2>\n<p align=\"justify\">El usuario se encuentra sometido a la Ley 37\/2007, de 16 de noviembre, sobre reutilizaci\u00f3n de la informaci\u00f3n del sector p\u00fablico, especialmente a su r\u00e9gimen sancionador, as\u00ed como a toda la normativa que afecte al uso de la informaci\u00f3n, como el Reglamento (UE) 2016\/679 del Parlamento Europeo y del Consejo, de 27 de abril de 2016, Reglamento General de Protecci\u00f3n de Datos o RXPD y el Real Decreto Legislativo 1\/1996, de 12 de abril, por el cual se aprueba el Texto refundido de la Ley de propiedad intelectual, as\u00ed como a las disposiciones de car\u00e1cter general previstas en las Leyes 39\/2015 y 40\/2015, ambas del 1 de octubre de 2015.<\/p>\n<p align=\"justify\">Si como resultado del incumplimiento de los t\u00e9rminos de uso expuestos en este documento o los t\u00e9rminos de la licencia bajo a cu\u00e1l se publican los conjuntos de datos, el Ayuntamiento de Vigo o alguno de sus organismos, entidades, empresas o agentes, fuese objeto de acciones legales o fuese sancionado econ\u00f3micamente, el usuario responder\u00e1 ante el Ayuntamiento de Vigo, o ante sus organismos, entidades, empresas o agentes, de todos los gastos, incluso procesales, sanciones o indemnizaciones que puedan declararse, y los dejar\u00e1 totalmente indemnes.<\/p>\n<p align=\"justify\">De este modo, el usuario acepta indemnizar, as\u00ed como eximir al Ayuntamiento de Vigo y todos sus organismos, entidades, empresas o agentes, de cualquier responsabilidad en que puedan incurrir por mor de las reclamaciones que se puedan originar por el incumplimiento de estas Condiciones de uso o por el uso, reproducci\u00f3n, modificaci\u00f3n o distribuci\u00f3n de la informaci\u00f3n.<\/p>\n<p align=\"justify\">El Ayuntamiento de Vigo, por otra parte, se reserva el derecho de tomar las medidas legales correspondientes para velar sus intereses, sin que eso suponga renunciar a la responsabilidad e indemnizaci\u00f3n por parte del usuario.<\/p>\n<h2>Otras restricciones legales<\/h2>\n<p align=\"justify\">No est\u00e1 permitida la reutilizaci\u00f3n de ning\u00fan conjunto de datos para finalidades il\u00edcitas o que atenten contra los principios de personas, entidades o de la actuaci\u00f3n administrativa p\u00fablica.<\/p>\n<p align=\"justify\">El Ayuntamiento de Vigo, por cuenta propia, puede denegar o suspender el acceso a los conjuntos de datos sin previo aviso a cualquier persona que, seg\u00fan su criterio unilateral, considere que est\u00e1 incumpliendo estas Condiciones de uso, la legalidad vigente o utilice, reproduzca, modifique o distribuya los conjuntos de datos de una manera perjudicial o inconveniente.<\/p>\n<p align=\"justify\">Esta denegaci\u00f3n o suspensi\u00f3n no tendr\u00e1 efecto sobre aquellas personas o entidades que, de buena fe, recibieran los conjuntos de datos a trav\u00e9s de la persona o entidad objeto de la cancelaci\u00f3n o suspensi\u00f3n y que, de otra forma, est\u00e9n cumpliendo estas Condiciones de uso.<\/p>\n<p align=\"justify\">El usuario no puede indicar, insinuar o sugerir al usuario final, por ning\u00fan medio, la participaci\u00f3n o apoyo por parte del Ayuntamiento de Vigo, o sus organismos, entidades, empresas o agentes, en la actividad de quien utiliza la informaci\u00f3n o el conjunto de datos.<\/p>\n<h2>Medidas de protecci\u00f3n ante uso abusivo o robotizado.<\/h2>\n<p align=\"justify\">El Ayuntamiento de Vigo se reserva el derecho a realizar cambios t\u00e9cnicos en su portal web y servicios, sin previo aviso, con el objeto de preservar su disponibilidad ante eventuales usos abusivos o robotizados de acceso.<\/p>\n<p><\/p>","protected":false},"excerpt":{"rendered":"<p>Condiciones de uso de los datos Introducci\u00f3n La Norma UNE 178301:2015 de \u201cDatos Abiertos (Open Data). Ciudades Inteligentes\u201d establece que los datos abiertos y la&hellip;<\/p>\n","protected":false},"author":4,"featured_media":0,"parent":0,"menu_order":0,"comment_status":"closed","ping_status":"closed","template":"","meta":{"_monsterinsights_skip_tracking":false,"_monsterinsights_sitenote_active":false,"_monsterinsights_sitenote_note":"","_monsterinsights_sitenote_category":0,"footnotes":""},"class_list":["post-2748","page","type-page","status-publish","hentry"],"_links":{"self":[{"href":"https:\/\/datos.vigo.org\/es\/wp-json\/wp\/v2\/pages\/2748","targetHints":{"allow":["GET"]}}],"collection":[{"href":"https:\/\/datos.vigo.org\/es\/wp-json\/wp\/v2\/pages"}],"about":[{"href":"https:\/\/datos.vigo.org\/es\/wp-json\/wp\/v2\/types\/page"}],"author":[{"embeddable":true,"href":"https:\/\/datos.vigo.org\/es\/wp-json\/wp\/v2\/users\/4"}],"replies":[{"embeddable":true,"href":"https:\/\/datos.vigo.org\/es\/wp-json\/wp\/v2\/comments?post=2748"}],"version-history":[{"count":5,"href":"https:\/\/datos.vigo.org\/es\/wp-json\/wp\/v2\/pages\/2748\/revisions"}],"predecessor-version":[{"id":3115,"href":"https:\/\/datos.vigo.org\/es\/wp-json\/wp\/v2\/pages\/2748\/revisions\/3115"}],"wp:attachment":[{"href":"https:\/\/datos.vigo.org\/es\/wp-json\/wp\/v2\/media?parent=2748"}],"curies":[{"name":"wp","href":"https:\/\/api.w.org\/{rel}","templated":true}]}}