{"id":2752,"date":"2019-08-26T11:51:02","date_gmt":"2019-08-26T11:51:02","guid":{"rendered":"https:\/\/datos.vigo.org\/?page_id=2752"},"modified":"2022-02-11T12:58:51","modified_gmt":"2022-02-11T12:58:51","slug":"app-vigo","status":"publish","type":"page","link":"https:\/\/datos.vigo.org\/es\/app-vigo\/","title":{"rendered":"App Vigo &#8211; Ayuntamiento de Vigo"},"content":{"rendered":"\t\t<div data-elementor-type=\"wp-page\" data-elementor-id=\"2752\" class=\"elementor elementor-2752\">\n\t\t\t\t\t\t<section class=\"elementor-section elementor-top-section elementor-element elementor-element-46cb409 elementor-section-boxed elementor-section-height-default elementor-section-height-default\" data-id=\"46cb409\" data-element_type=\"section\">\n\t\t\t\t\t\t<div class=\"elementor-container elementor-column-gap-default\">\n\t\t\t\t\t<div class=\"elementor-column elementor-col-50 elementor-top-column elementor-element elementor-element-daeb438\" data-id=\"daeb438\" data-element_type=\"column\">\n\t\t\t<div class=\"elementor-widget-wrap elementor-element-populated\">\n\t\t\t\t\t\t<div class=\"elementor-element elementor-element-a767f20 elementor-hidden-phone elementor-widget elementor-widget-image\" data-id=\"a767f20\" data-element_type=\"widget\" data-widget_type=\"image.default\">\n\t\t\t\t<div class=\"elementor-widget-container\">\n\t\t\t\t\t\t\t\t\t\t\t\t\t\t\t<img decoding=\"async\" width=\"150\" height=\"150\" src=\"https:\/\/datos.vigo.org\/wp-content\/uploads\/2020\/11\/logo_app_vigo-150x150.png\" class=\"attachment-thumbnail size-thumbnail wp-image-3285\" alt=\"\" srcset=\"https:\/\/datos.vigo.org\/wp-content\/uploads\/2020\/11\/logo_app_vigo-150x150.png 150w, https:\/\/datos.vigo.org\/wp-content\/uploads\/2020\/11\/logo_app_vigo-300x300.png 300w, https:\/\/datos.vigo.org\/wp-content\/uploads\/2020\/11\/logo_app_vigo.png 360w\" sizes=\"(max-width: 150px) 100vw, 150px\" \/>\t\t\t\t\t\t\t\t\t\t\t\t\t\t\t<\/div>\n\t\t\t\t<\/div>\n\t\t\t\t\t<\/div>\n\t\t<\/div>\n\t\t\t\t<div class=\"elementor-column elementor-col-50 elementor-top-column elementor-element elementor-element-3775a39\" data-id=\"3775a39\" data-element_type=\"column\">\n\t\t\t<div class=\"elementor-widget-wrap elementor-element-populated\">\n\t\t\t\t\t\t<section class=\"elementor-section elementor-inner-section elementor-element elementor-element-077691f elementor-section-boxed elementor-section-height-default elementor-section-height-default\" data-id=\"077691f\" data-element_type=\"section\">\n\t\t\t\t\t\t<div class=\"elementor-container elementor-column-gap-default\">\n\t\t\t\t\t<div class=\"elementor-column elementor-col-100 elementor-inner-column elementor-element elementor-element-20f648a\" data-id=\"20f648a\" data-element_type=\"column\">\n\t\t\t<div class=\"elementor-widget-wrap elementor-element-populated\">\n\t\t\t\t\t\t<div class=\"elementor-element elementor-element-a93fcc7 elementor-widget elementor-widget-heading\" data-id=\"a93fcc7\" data-element_type=\"widget\" data-widget_type=\"heading.default\">\n\t\t\t\t<div class=\"elementor-widget-container\">\n\t\t\t\t\t<h2 class=\"elementor-heading-title elementor-size-default\">App Vigo - Vigo nas t\u00faas mans<\/h2>\t\t\t\t<\/div>\n\t\t\t\t<\/div>\n\t\t\t\t\t<\/div>\n\t\t<\/div>\n\t\t\t\t\t<\/div>\n\t\t<\/section>\n\t\t\t\t<div class=\"elementor-element elementor-element-8468c71 elementor-hidden-phone elementor-widget elementor-widget-text-editor\" data-id=\"8468c71\" data-element_type=\"widget\" data-widget_type=\"text-editor.default\">\n\t\t\t\t<div class=\"elementor-widget-container\">\n\t\t\t\t\t\t\t\t\t<p>App oficial da cidade de Vigo<\/p>\t\t\t\t\t\t\t\t<\/div>\n\t\t\t\t<\/div>\n\t\t\t\t<section class=\"elementor-section elementor-inner-section elementor-element elementor-element-6c85041 elementor-section-boxed elementor-section-height-default elementor-section-height-default\" data-id=\"6c85041\" data-element_type=\"section\">\n\t\t\t\t\t\t<div class=\"elementor-container elementor-column-gap-default\">\n\t\t\t\t\t<div class=\"elementor-column elementor-col-50 elementor-inner-column elementor-element elementor-element-abcc656\" data-id=\"abcc656\" data-element_type=\"column\">\n\t\t\t<div class=\"elementor-widget-wrap elementor-element-populated\">\n\t\t\t\t\t\t<div class=\"elementor-element elementor-element-9dbf82b elementor-hidden-desktop elementor-hidden-tablet elementor-widget elementor-widget-image\" data-id=\"9dbf82b\" data-element_type=\"widget\" data-widget_type=\"image.default\">\n\t\t\t\t<div class=\"elementor-widget-container\">\n\t\t\t\t\t\t\t\t\t\t\t\t\t\t\t<img decoding=\"async\" width=\"150\" height=\"150\" src=\"https:\/\/datos.vigo.org\/wp-content\/uploads\/2020\/11\/logo_app_vigo-150x150.png\" class=\"attachment-thumbnail size-thumbnail wp-image-3285\" alt=\"\" srcset=\"https:\/\/datos.vigo.org\/wp-content\/uploads\/2020\/11\/logo_app_vigo-150x150.png 150w, https:\/\/datos.vigo.org\/wp-content\/uploads\/2020\/11\/logo_app_vigo-300x300.png 300w, https:\/\/datos.vigo.org\/wp-content\/uploads\/2020\/11\/logo_app_vigo.png 360w\" sizes=\"(max-width: 150px) 100vw, 150px\" \/>\t\t\t\t\t\t\t\t\t\t\t\t\t\t\t<\/div>\n\t\t\t\t<\/div>\n\t\t\t\t<div class=\"elementor-element elementor-element-1d030cd elementor-align-left elementor-widget elementor-widget-button\" data-id=\"1d030cd\" data-element_type=\"widget\" data-widget_type=\"button.default\">\n\t\t\t\t<div class=\"elementor-widget-container\">\n\t\t\t\t\t\t\t\t\t<div class=\"elementor-button-wrapper\">\n\t\t\t\t\t<a class=\"elementor-button elementor-button-link elementor-size-sm\" href=\"https:\/\/play.google.com\/store\/apps\/details?id=org.vigo.apps.vigoplus&#038;hl=es\">\n\t\t\t\t\t\t<span class=\"elementor-button-content-wrapper\">\n\t\t\t\t\t\t<span class=\"elementor-button-icon\">\n\t\t\t\t<i aria-hidden=\"true\" class=\"fab fa-android\"><\/i>\t\t\t<\/span>\n\t\t\t\t\t\t\t\t\t<span class=\"elementor-button-text\">Instalar (Android)<\/span>\n\t\t\t\t\t<\/span>\n\t\t\t\t\t<\/a>\n\t\t\t\t<\/div>\n\t\t\t\t\t\t\t\t<\/div>\n\t\t\t\t<\/div>\n\t\t\t\t\t<\/div>\n\t\t<\/div>\n\t\t\t\t<div class=\"elementor-column elementor-col-50 elementor-inner-column elementor-element elementor-element-35477bf\" data-id=\"35477bf\" data-element_type=\"column\">\n\t\t\t<div class=\"elementor-widget-wrap elementor-element-populated\">\n\t\t\t\t\t\t<div class=\"elementor-element elementor-element-cae4642 elementor-align-left elementor-widget elementor-widget-button\" data-id=\"cae4642\" data-element_type=\"widget\" data-widget_type=\"button.default\">\n\t\t\t\t<div class=\"elementor-widget-container\">\n\t\t\t\t\t\t\t\t\t<div class=\"elementor-button-wrapper\">\n\t\t\t\t\t<a class=\"elementor-button elementor-button-link elementor-size-sm\" href=\"https:\/\/itunes.apple.com\/us\/app\/vigo-app-concello-de-vigo\/id1356754845?l=es&#038;ls=1&#038;mt=8\">\n\t\t\t\t\t\t<span class=\"elementor-button-content-wrapper\">\n\t\t\t\t\t\t<span class=\"elementor-button-icon\">\n\t\t\t\t<i aria-hidden=\"true\" class=\"fab fa-app-store-ios\"><\/i>\t\t\t<\/span>\n\t\t\t\t\t\t\t\t\t<span class=\"elementor-button-text\">Instalar (iOS)<\/span>\n\t\t\t\t\t<\/span>\n\t\t\t\t\t<\/a>\n\t\t\t\t<\/div>\n\t\t\t\t\t\t\t\t<\/div>\n\t\t\t\t<\/div>\n\t\t\t\t\t<\/div>\n\t\t<\/div>\n\t\t\t\t\t<\/div>\n\t\t<\/section>\n\t\t\t\t\t<\/div>\n\t\t<\/div>\n\t\t\t\t\t<\/div>\n\t\t<\/section>\n\t\t\t\t<section class=\"elementor-section elementor-top-section elementor-element elementor-element-521889f3 elementor-section-boxed elementor-section-height-default elementor-section-height-default\" data-id=\"521889f3\" data-element_type=\"section\">\n\t\t\t\t\t\t<div class=\"elementor-container elementor-column-gap-default\">\n\t\t\t\t\t<div class=\"elementor-column elementor-col-100 elementor-top-column elementor-element elementor-element-73bf1537\" data-id=\"73bf1537\" data-element_type=\"column\">\n\t\t\t<div class=\"elementor-widget-wrap elementor-element-populated\">\n\t\t\t\t\t\t<div class=\"elementor-element elementor-element-92475d4 elementor-widget elementor-widget-text-editor\" data-id=\"92475d4\" data-element_type=\"widget\" data-widget_type=\"text-editor.default\">\n\t\t\t\t<div class=\"elementor-widget-container\">\n\t\t\t\t\t\t\t\t\t<div id='gallery-1' class='gallery galleryid-2752 gallery-columns-5 gallery-size-medium'><figure class='gallery-item'>\n\t\t\t<div class='gallery-icon portrait'>\n\t\t\t\t<a href='https:\/\/datos.vigo.org\/wp-content\/uploads\/2022\/02\/Simulator-Screen-Shot-iPhone-13-Pro-Max-2022-02-11-at-13.55.10-scaled.jpg'><img decoding=\"async\" width=\"139\" height=\"300\" src=\"https:\/\/datos.vigo.org\/wp-content\/uploads\/2022\/02\/Simulator-Screen-Shot-iPhone-13-Pro-Max-2022-02-11-at-13.55.10-139x300.jpg\" class=\"attachment-medium size-medium\" alt=\"\" aria-describedby=\"gallery-1-3364\" srcset=\"https:\/\/datos.vigo.org\/wp-content\/uploads\/2022\/02\/Simulator-Screen-Shot-iPhone-13-Pro-Max-2022-02-11-at-13.55.10-139x300.jpg 139w, https:\/\/datos.vigo.org\/wp-content\/uploads\/2022\/02\/Simulator-Screen-Shot-iPhone-13-Pro-Max-2022-02-11-at-13.55.10-473x1024.jpg 473w, https:\/\/datos.vigo.org\/wp-content\/uploads\/2022\/02\/Simulator-Screen-Shot-iPhone-13-Pro-Max-2022-02-11-at-13.55.10-768x1662.jpg 768w, https:\/\/datos.vigo.org\/wp-content\/uploads\/2022\/02\/Simulator-Screen-Shot-iPhone-13-Pro-Max-2022-02-11-at-13.55.10-710x1536.jpg 710w, https:\/\/datos.vigo.org\/wp-content\/uploads\/2022\/02\/Simulator-Screen-Shot-iPhone-13-Pro-Max-2022-02-11-at-13.55.10-947x2048.jpg 947w, https:\/\/datos.vigo.org\/wp-content\/uploads\/2022\/02\/Simulator-Screen-Shot-iPhone-13-Pro-Max-2022-02-11-at-13.55.10-scaled.jpg 1183w\" sizes=\"(max-width: 139px) 100vw, 139px\" \/><\/a>\n\t\t\t<\/div>\n\t\t\t\t<figcaption class='wp-caption-text gallery-caption' id='gallery-1-3364'>\n\t\t\t\tApp Vigo\n\t\t\t\t<\/figcaption><\/figure><figure class='gallery-item'>\n\t\t\t<div class='gallery-icon portrait'>\n\t\t\t\t<a href='https:\/\/datos.vigo.org\/wp-content\/uploads\/2020\/11\/Simulator-Screen-Shot-iPhone-12-Pro-Max-2020-11-26-at-08.44.38.png'><img decoding=\"async\" width=\"139\" height=\"300\" src=\"https:\/\/datos.vigo.org\/wp-content\/uploads\/2020\/11\/Simulator-Screen-Shot-iPhone-12-Pro-Max-2020-11-26-at-08.44.38-139x300.png\" class=\"attachment-medium size-medium\" alt=\"\" aria-describedby=\"gallery-1-3307\" srcset=\"https:\/\/datos.vigo.org\/wp-content\/uploads\/2020\/11\/Simulator-Screen-Shot-iPhone-12-Pro-Max-2020-11-26-at-08.44.38-139x300.png 139w, https:\/\/datos.vigo.org\/wp-content\/uploads\/2020\/11\/Simulator-Screen-Shot-iPhone-12-Pro-Max-2020-11-26-at-08.44.38-473x1024.png 473w, https:\/\/datos.vigo.org\/wp-content\/uploads\/2020\/11\/Simulator-Screen-Shot-iPhone-12-Pro-Max-2020-11-26-at-08.44.38-768x1662.png 768w, https:\/\/datos.vigo.org\/wp-content\/uploads\/2020\/11\/Simulator-Screen-Shot-iPhone-12-Pro-Max-2020-11-26-at-08.44.38-710x1536.png 710w, https:\/\/datos.vigo.org\/wp-content\/uploads\/2020\/11\/Simulator-Screen-Shot-iPhone-12-Pro-Max-2020-11-26-at-08.44.38-947x2048.png 947w, https:\/\/datos.vigo.org\/wp-content\/uploads\/2020\/11\/Simulator-Screen-Shot-iPhone-12-Pro-Max-2020-11-26-at-08.44.38.png 1284w\" sizes=\"(max-width: 139px) 100vw, 139px\" \/><\/a>\n\t\t\t<\/div>\n\t\t\t\t<figcaption class='wp-caption-text gallery-caption' id='gallery-1-3307'>\n\t\t\t\tCultura\n\t\t\t\t<\/figcaption><\/figure><figure class='gallery-item'>\n\t\t\t<div class='gallery-icon portrait'>\n\t\t\t\t<a href='https:\/\/datos.vigo.org\/wp-content\/uploads\/2020\/11\/Simulator-Screen-Shot-iPhone-12-Pro-Max-2020-11-26-at-08.45.09.png'><img loading=\"lazy\" decoding=\"async\" width=\"139\" height=\"300\" src=\"https:\/\/datos.vigo.org\/wp-content\/uploads\/2020\/11\/Simulator-Screen-Shot-iPhone-12-Pro-Max-2020-11-26-at-08.45.09-139x300.png\" class=\"attachment-medium size-medium\" alt=\"\" aria-describedby=\"gallery-1-3306\" srcset=\"https:\/\/datos.vigo.org\/wp-content\/uploads\/2020\/11\/Simulator-Screen-Shot-iPhone-12-Pro-Max-2020-11-26-at-08.45.09-139x300.png 139w, https:\/\/datos.vigo.org\/wp-content\/uploads\/2020\/11\/Simulator-Screen-Shot-iPhone-12-Pro-Max-2020-11-26-at-08.45.09-473x1024.png 473w, https:\/\/datos.vigo.org\/wp-content\/uploads\/2020\/11\/Simulator-Screen-Shot-iPhone-12-Pro-Max-2020-11-26-at-08.45.09-768x1662.png 768w, https:\/\/datos.vigo.org\/wp-content\/uploads\/2020\/11\/Simulator-Screen-Shot-iPhone-12-Pro-Max-2020-11-26-at-08.45.09-710x1536.png 710w, https:\/\/datos.vigo.org\/wp-content\/uploads\/2020\/11\/Simulator-Screen-Shot-iPhone-12-Pro-Max-2020-11-26-at-08.45.09-947x2048.png 947w, https:\/\/datos.vigo.org\/wp-content\/uploads\/2020\/11\/Simulator-Screen-Shot-iPhone-12-Pro-Max-2020-11-26-at-08.45.09.png 1284w\" sizes=\"(max-width: 139px) 100vw, 139px\" \/><\/a>\n\t\t\t<\/div>\n\t\t\t\t<figcaption class='wp-caption-text gallery-caption' id='gallery-1-3306'>\n\t\t\t\tAvisos\n\t\t\t\t<\/figcaption><\/figure><figure class='gallery-item'>\n\t\t\t<div class='gallery-icon portrait'>\n\t\t\t\t<a href='https:\/\/datos.vigo.org\/wp-content\/uploads\/2020\/11\/Simulator-Screen-Shot-iPhone-12-Pro-Max-2020-11-26-at-08.45.20.png'><img loading=\"lazy\" decoding=\"async\" width=\"139\" height=\"300\" src=\"https:\/\/datos.vigo.org\/wp-content\/uploads\/2020\/11\/Simulator-Screen-Shot-iPhone-12-Pro-Max-2020-11-26-at-08.45.20-139x300.png\" class=\"attachment-medium size-medium\" alt=\"\" aria-describedby=\"gallery-1-3305\" srcset=\"https:\/\/datos.vigo.org\/wp-content\/uploads\/2020\/11\/Simulator-Screen-Shot-iPhone-12-Pro-Max-2020-11-26-at-08.45.20-139x300.png 139w, https:\/\/datos.vigo.org\/wp-content\/uploads\/2020\/11\/Simulator-Screen-Shot-iPhone-12-Pro-Max-2020-11-26-at-08.45.20-473x1024.png 473w, https:\/\/datos.vigo.org\/wp-content\/uploads\/2020\/11\/Simulator-Screen-Shot-iPhone-12-Pro-Max-2020-11-26-at-08.45.20-768x1662.png 768w, https:\/\/datos.vigo.org\/wp-content\/uploads\/2020\/11\/Simulator-Screen-Shot-iPhone-12-Pro-Max-2020-11-26-at-08.45.20-710x1536.png 710w, https:\/\/datos.vigo.org\/wp-content\/uploads\/2020\/11\/Simulator-Screen-Shot-iPhone-12-Pro-Max-2020-11-26-at-08.45.20-947x2048.png 947w, https:\/\/datos.vigo.org\/wp-content\/uploads\/2020\/11\/Simulator-Screen-Shot-iPhone-12-Pro-Max-2020-11-26-at-08.45.20.png 1284w\" sizes=\"(max-width: 139px) 100vw, 139px\" \/><\/a>\n\t\t\t<\/div>\n\t\t\t\t<figcaption class='wp-caption-text gallery-caption' id='gallery-1-3305'>\n\t\t\t\tVitrasa\n\t\t\t\t<\/figcaption><\/figure><figure class='gallery-item'>\n\t\t\t<div class='gallery-icon portrait'>\n\t\t\t\t<a href='https:\/\/datos.vigo.org\/wp-content\/uploads\/2020\/11\/Simulator-Screen-Shot-iPhone-12-Pro-Max-2020-11-26-at-08.45.42.png'><img loading=\"lazy\" decoding=\"async\" width=\"139\" height=\"300\" src=\"https:\/\/datos.vigo.org\/wp-content\/uploads\/2020\/11\/Simulator-Screen-Shot-iPhone-12-Pro-Max-2020-11-26-at-08.45.42-139x300.png\" class=\"attachment-medium size-medium\" alt=\"\" aria-describedby=\"gallery-1-3303\" srcset=\"https:\/\/datos.vigo.org\/wp-content\/uploads\/2020\/11\/Simulator-Screen-Shot-iPhone-12-Pro-Max-2020-11-26-at-08.45.42-139x300.png 139w, https:\/\/datos.vigo.org\/wp-content\/uploads\/2020\/11\/Simulator-Screen-Shot-iPhone-12-Pro-Max-2020-11-26-at-08.45.42-473x1024.png 473w, https:\/\/datos.vigo.org\/wp-content\/uploads\/2020\/11\/Simulator-Screen-Shot-iPhone-12-Pro-Max-2020-11-26-at-08.45.42-768x1662.png 768w, https:\/\/datos.vigo.org\/wp-content\/uploads\/2020\/11\/Simulator-Screen-Shot-iPhone-12-Pro-Max-2020-11-26-at-08.45.42-710x1536.png 710w, https:\/\/datos.vigo.org\/wp-content\/uploads\/2020\/11\/Simulator-Screen-Shot-iPhone-12-Pro-Max-2020-11-26-at-08.45.42-947x2048.png 947w, https:\/\/datos.vigo.org\/wp-content\/uploads\/2020\/11\/Simulator-Screen-Shot-iPhone-12-Pro-Max-2020-11-26-at-08.45.42.png 1284w\" sizes=\"(max-width: 139px) 100vw, 139px\" \/><\/a>\n\t\t\t<\/div>\n\t\t\t\t<figcaption class='wp-caption-text gallery-caption' id='gallery-1-3303'>\n\t\t\t\tParadas\n\t\t\t\t<\/figcaption><\/figure><figure class='gallery-item'>\n\t\t\t<div class='gallery-icon portrait'>\n\t\t\t\t<a href='https:\/\/datos.vigo.org\/wp-content\/uploads\/2020\/11\/Simulator-Screen-Shot-iPhone-12-Pro-Max-2020-11-26-at-08.46.43.png'><img loading=\"lazy\" decoding=\"async\" width=\"139\" height=\"300\" src=\"https:\/\/datos.vigo.org\/wp-content\/uploads\/2020\/11\/Simulator-Screen-Shot-iPhone-12-Pro-Max-2020-11-26-at-08.46.43-139x300.png\" class=\"attachment-medium size-medium\" alt=\"\" aria-describedby=\"gallery-1-3302\" srcset=\"https:\/\/datos.vigo.org\/wp-content\/uploads\/2020\/11\/Simulator-Screen-Shot-iPhone-12-Pro-Max-2020-11-26-at-08.46.43-139x300.png 139w, https:\/\/datos.vigo.org\/wp-content\/uploads\/2020\/11\/Simulator-Screen-Shot-iPhone-12-Pro-Max-2020-11-26-at-08.46.43-473x1024.png 473w, https:\/\/datos.vigo.org\/wp-content\/uploads\/2020\/11\/Simulator-Screen-Shot-iPhone-12-Pro-Max-2020-11-26-at-08.46.43-768x1662.png 768w, https:\/\/datos.vigo.org\/wp-content\/uploads\/2020\/11\/Simulator-Screen-Shot-iPhone-12-Pro-Max-2020-11-26-at-08.46.43-710x1536.png 710w, https:\/\/datos.vigo.org\/wp-content\/uploads\/2020\/11\/Simulator-Screen-Shot-iPhone-12-Pro-Max-2020-11-26-at-08.46.43-947x2048.png 947w, https:\/\/datos.vigo.org\/wp-content\/uploads\/2020\/11\/Simulator-Screen-Shot-iPhone-12-Pro-Max-2020-11-26-at-08.46.43.png 1284w\" sizes=\"(max-width: 139px) 100vw, 139px\" \/><\/a>\n\t\t\t<\/div>\n\t\t\t\t<figcaption class='wp-caption-text gallery-caption' id='gallery-1-3302'>\n\t\t\t\tTr\u00e1fico\n\t\t\t\t<\/figcaption><\/figure><figure class='gallery-item'>\n\t\t\t<div class='gallery-icon portrait'>\n\t\t\t\t<a href='https:\/\/datos.vigo.org\/wp-content\/uploads\/2020\/11\/Simulator-Screen-Shot-iPhone-12-Pro-Max-2020-11-26-at-08.46.57.png'><img loading=\"lazy\" decoding=\"async\" width=\"139\" height=\"300\" src=\"https:\/\/datos.vigo.org\/wp-content\/uploads\/2020\/11\/Simulator-Screen-Shot-iPhone-12-Pro-Max-2020-11-26-at-08.46.57-139x300.png\" class=\"attachment-medium size-medium\" alt=\"\" aria-describedby=\"gallery-1-3301\" srcset=\"https:\/\/datos.vigo.org\/wp-content\/uploads\/2020\/11\/Simulator-Screen-Shot-iPhone-12-Pro-Max-2020-11-26-at-08.46.57-139x300.png 139w, https:\/\/datos.vigo.org\/wp-content\/uploads\/2020\/11\/Simulator-Screen-Shot-iPhone-12-Pro-Max-2020-11-26-at-08.46.57-473x1024.png 473w, https:\/\/datos.vigo.org\/wp-content\/uploads\/2020\/11\/Simulator-Screen-Shot-iPhone-12-Pro-Max-2020-11-26-at-08.46.57-768x1662.png 768w, https:\/\/datos.vigo.org\/wp-content\/uploads\/2020\/11\/Simulator-Screen-Shot-iPhone-12-Pro-Max-2020-11-26-at-08.46.57-710x1536.png 710w, https:\/\/datos.vigo.org\/wp-content\/uploads\/2020\/11\/Simulator-Screen-Shot-iPhone-12-Pro-Max-2020-11-26-at-08.46.57-947x2048.png 947w, https:\/\/datos.vigo.org\/wp-content\/uploads\/2020\/11\/Simulator-Screen-Shot-iPhone-12-Pro-Max-2020-11-26-at-08.46.57.png 1284w\" sizes=\"(max-width: 139px) 100vw, 139px\" \/><\/a>\n\t\t\t<\/div>\n\t\t\t\t<figcaption class='wp-caption-text gallery-caption' id='gallery-1-3301'>\n\t\t\t\tTiempo\n\t\t\t\t<\/figcaption><\/figure><figure class='gallery-item'>\n\t\t\t<div class='gallery-icon portrait'>\n\t\t\t\t<a href='https:\/\/datos.vigo.org\/wp-content\/uploads\/2020\/11\/Simulator-Screen-Shot-iPhone-12-Pro-Max-2020-11-26-at-08.47.42.png'><img loading=\"lazy\" decoding=\"async\" width=\"139\" height=\"300\" src=\"https:\/\/datos.vigo.org\/wp-content\/uploads\/2020\/11\/Simulator-Screen-Shot-iPhone-12-Pro-Max-2020-11-26-at-08.47.42-139x300.png\" class=\"attachment-medium size-medium\" alt=\"\" aria-describedby=\"gallery-1-3300\" srcset=\"https:\/\/datos.vigo.org\/wp-content\/uploads\/2020\/11\/Simulator-Screen-Shot-iPhone-12-Pro-Max-2020-11-26-at-08.47.42-139x300.png 139w, https:\/\/datos.vigo.org\/wp-content\/uploads\/2020\/11\/Simulator-Screen-Shot-iPhone-12-Pro-Max-2020-11-26-at-08.47.42-473x1024.png 473w, https:\/\/datos.vigo.org\/wp-content\/uploads\/2020\/11\/Simulator-Screen-Shot-iPhone-12-Pro-Max-2020-11-26-at-08.47.42-768x1662.png 768w, https:\/\/datos.vigo.org\/wp-content\/uploads\/2020\/11\/Simulator-Screen-Shot-iPhone-12-Pro-Max-2020-11-26-at-08.47.42-710x1536.png 710w, https:\/\/datos.vigo.org\/wp-content\/uploads\/2020\/11\/Simulator-Screen-Shot-iPhone-12-Pro-Max-2020-11-26-at-08.47.42-947x2048.png 947w, https:\/\/datos.vigo.org\/wp-content\/uploads\/2020\/11\/Simulator-Screen-Shot-iPhone-12-Pro-Max-2020-11-26-at-08.47.42.png 1284w\" sizes=\"(max-width: 139px) 100vw, 139px\" \/><\/a>\n\t\t\t<\/div>\n\t\t\t\t<figcaption class='wp-caption-text gallery-caption' id='gallery-1-3300'>\n\t\t\t\tTurismo\n\t\t\t\t<\/figcaption><\/figure>\n\t\t<\/div>\n<p align=\"justify\">A app ten informaci\u00f3n de <strong>m\u00e1is de 5.000 elementos cidade<\/strong> (centros e instalaci\u00f3ns, elementos tur\u00edsticos, servizos de tr\u00e1fico e transporte, recursos cidade, rueiro, &#8230;), con <strong>acceso a datos en tempo real<\/strong> (como o estado do tr\u00e1fico, as c\u00e1maras, prazas libres en parkings, pr\u00f3ximas chegadas de autobuses ou a temperatura en distintos puntos da cidade), e a<strong> datos actualizados diariamente<\/strong> como as noticias, avisos, axenda, convocatorias,&#8230;\u00a0<\/p><p align=\"justify\"><strong>A app Vigo crea un canal directo e bidireccional coa cidadan\u00eda<\/strong>. Permite ao usuario subscribirse a notificaci\u00f3ns para recibir avisos diarios no m\u00f3bil sobre as \u00faltimas noticias municipais, cortes de tr\u00e1fico, eventos culturais, avisos xerais e de transporte, ofertas de emprego e subvenci\u00f3ns.<\/p><p align=\"justify\">Tam\u00e9n permite facer que a<strong> cidadan\u00eda participe de forma directa na mellora da cidade<\/strong> facilitando mandar avisos sobre o estado dos servizos municipais, a cidade ou plantexar ideas de mellora.<\/p><h2>Descargar a aplicaci\u00f3n<\/h2><div><div><p><a href=\"https:\/\/play.google.com\/store\/apps\/details?id=org.vigo.apps.vigoplus&amp;hl=es\" data-wplink-edit=\"true\">Ver en Google Play<\/a><\/p><p><a href=\"https:\/\/play.google.com\/store\/apps\/details?id=org.vigo.apps.vigoplus&amp;hl=es\"><img loading=\"lazy\" decoding=\"async\" src=\"https:\/\/datos.vigo.org\/wp-content\/uploads\/2019\/08\/googleplay-300x96.png\" alt=\"Logo Google Play\" width=\"175\" height=\"56\" \/><br \/><\/a>A partir de Android 5 ou superior.<\/p><\/div><div><p><a href=\"https:\/\/itunes.apple.com\/us\/app\/vigo-app-concello-de-vigo\/id1356754845?l=es&amp;ls=1&amp;mt=8\" data-wplink-edit=\"true\">Ver en App Store<\/a><\/p><p><a href=\"https:\/\/itunes.apple.com\/us\/app\/vigo-app-concello-de-vigo\/id1356754845?l=es&amp;ls=1&amp;mt=8\"><img loading=\"lazy\" decoding=\"async\" src=\"https:\/\/datos.vigo.org\/wp-content\/uploads\/2019\/08\/appstore-300x98.png\" alt=\"Logo Apple\" width=\"175\" height=\"57\" \/><\/a><br \/>A partir de IOS 9 ou superior<\/p><\/div><\/div><p><\/p>\t\t\t\t\t\t\t\t<\/div>\n\t\t\t\t<\/div>\n\t\t\t\t\t<\/div>\n\t\t<\/div>\n\t\t\t\t\t<\/div>\n\t\t<\/section>\n\t\t\t\t<\/div>\n\t\t","protected":false},"excerpt":{"rendered":"<p>App Vigo &#8211; Vigo en tus manos App oficial de la ciudad de Vigo Instalar (Android) Instalar (iOS) La app tiene informaci\u00f3n de m\u00e1s de&hellip;<\/p>\n","protected":false},"author":4,"featured_media":0,"parent":0,"menu_order":0,"comment_status":"closed","ping_status":"closed","template":"","meta":{"_monsterinsights_skip_tracking":false,"_monsterinsights_sitenote_active":false,"_monsterinsights_sitenote_note":"","_monsterinsights_sitenote_category":0,"footnotes":""},"class_list":["post-2752","page","type-page","status-publish","hentry"],"_links":{"self":[{"href":"https:\/\/datos.vigo.org\/es\/wp-json\/wp\/v2\/pages\/2752","targetHints":{"allow":["GET"]}}],"collection":[{"href":"https:\/\/datos.vigo.org\/es\/wp-json\/wp\/v2\/pages"}],"about":[{"href":"https:\/\/datos.vigo.org\/es\/wp-json\/wp\/v2\/types\/page"}],"author":[{"embeddable":true,"href":"https:\/\/datos.vigo.org\/es\/wp-json\/wp\/v2\/users\/4"}],"replies":[{"embeddable":true,"href":"https:\/\/datos.vigo.org\/es\/wp-json\/wp\/v2\/comments?post=2752"}],"version-history":[{"count":68,"href":"https:\/\/datos.vigo.org\/es\/wp-json\/wp\/v2\/pages\/2752\/revisions"}],"predecessor-version":[{"id":3367,"href":"https:\/\/datos.vigo.org\/es\/wp-json\/wp\/v2\/pages\/2752\/revisions\/3367"}],"wp:attachment":[{"href":"https:\/\/datos.vigo.org\/es\/wp-json\/wp\/v2\/media?parent=2752"}],"curies":[{"name":"wp","href":"https:\/\/api.w.org\/{rel}","templated":true}]}}