{"id":2755,"date":"2019-08-26T11:54:10","date_gmt":"2019-08-26T11:54:10","guid":{"rendered":"https:\/\/datos.vigo.org\/?page_id=2755"},"modified":"2020-01-13T13:13:51","modified_gmt":"2020-01-13T13:13:51","slug":"el-ayuntamiento-de-vigo-y-la-innovacion","status":"publish","type":"page","link":"https:\/\/datos.vigo.org\/es\/el-ayuntamiento-de-vigo-y-la-innovacion\/","title":{"rendered":"El Ayuntamiento de Vigo y la Innovaci\u00f3n"},"content":{"rendered":"<p><\/p>\n<h1 class=\"titulo-vigo\" align=\"justify\">El Ayuntamiento de Vigo y la Innovaci\u00f3n<\/h1>\n<p align=\"justify\"><img fetchpriority=\"high\" decoding=\"async\" class=\"aligncenter wp-image-2806 size-full\" src=\"https:\/\/datos.vigo.org\/wp-content\/uploads\/2019\/08\/vigo_3d-e1566992044631.png\" alt=\"\" width=\"1579\" height=\"576\" srcset=\"https:\/\/datos.vigo.org\/wp-content\/uploads\/2019\/08\/vigo_3d-e1566992044631.png 1579w, https:\/\/datos.vigo.org\/wp-content\/uploads\/2019\/08\/vigo_3d-e1566992044631-300x109.png 300w, https:\/\/datos.vigo.org\/wp-content\/uploads\/2019\/08\/vigo_3d-e1566992044631-768x280.png 768w, https:\/\/datos.vigo.org\/wp-content\/uploads\/2019\/08\/vigo_3d-e1566992044631-1024x374.png 1024w\" sizes=\"(max-width: 1579px) 100vw, 1579px\" \/><\/p>\n<p align=\"justify\">El Ayuntamiento de Vigo es un <strong>actor fundamental en el ecosistema de innovaci\u00f3n<\/strong> de la ciudad, tanto en la promoci\u00f3n de la innovaci\u00f3n, como en crear el clima adecuado en la ciudad y su entorno que sirva de tractor para atraer y favorecer la innovaci\u00f3n en la ciudad.<\/p>\n<p align=\"justify\">Tiene una <strong>apuesta decida por la innovaci\u00f3n y modernizaci\u00f3n de la ciudad<\/strong>, tanto para mejorar la calidad de vida de sus ciudadanos, como para ofrecer unos servicios e infraestructuras eficientes, sostenibles y con visi\u00f3n de futuro.<\/p>\n<p align=\"justify\">En septiembre de 2014 el alcalde de Vigo, Abel Caballero, present\u00f3 en el \u201cV Congreso Internacional en Gobierno, Administraci\u00f3n y Pol\u00edticas P\u00fablicas\u201d, celebrado en Madrid en el INAP, el<strong> plan de innovaci\u00f3n de ciudad \u201cVigo Smart City\u201d<\/strong>. Meses despu\u00e9s, en noviembre de 2014, el Ayuntamiento de Vigo present\u00f3 en el congreso <strong>\u201cSmart Cities &amp; Communities\u201d,<\/strong> promovido por el propio ayuntamiento, la<strong> plataforma VCI+ (Vigo Ciudad Inteligente)<\/strong> de I+D propio.<\/p>\n<p align=\"justify\">En 2015, el ayuntamiento fue galardonado con el <strong>Premio Smart City 2015<\/strong>, de la Fundaci\u00f3n Sociedad de la Informaci\u00f3n, reconociendo el esfuerzo integral del proyecto \u201cVigo Smart City\u201d donde se ponen en valor los numerosos proyectos innovadores de la ciudad.<\/p>\n<h2 align=\"justify\">Proyectos innovadores de la ciudad<\/h2>\n<ul>\n<li>\n<p align=\"justify\"><strong>&#8216;Plataforma Vigo Ciudad Inteligente (VCI+)&#8217;<\/strong>, ganadora del premio Galicia 2015, que mejora de forma integral la gesti\u00f3n y eficiencia municipal y que adem\u00e1s ofrecer\u00e1 nuevos e innovadores servicios a trav\u00e9s de Apps a la ciudadan\u00eda, empresas y emprendedores.<\/p>\n<\/li>\n<li>\n<p align=\"justify\"><strong>Proyectos de Movilidad inteligente:<\/strong><\/p>\n<ol>\n<li><strong>&#8216;Proyecto europeo Compass4D&#8217;<\/strong> con despliegue de comunicaciones cooperativas entre veh\u00edculos y la v\u00eda.<\/p>\n<\/li>\n<li><strong>&#8216;Proyecto europeo Co-gisticts&#8217;<\/strong> primer proyecto europeo plenamente dedicada a la implementaci\u00f3n de sistemas de transporte inteligentes cooperativos (C-ITS) aplicados a la log\u00edstica.<\/p>\n<\/li>\n<li><strong> &#8216;Proyecto europeo Co2Perautos2&#8217;<\/strong> desarrolla nuevos servicios basados en comunicaciones cooperativas V2I.<\/p>\n<\/li>\n<li><strong> &#8216;Proyecto Informaci\u00f3n de tr\u00e1fico en tiempo real mediante Bluetooth&#8217;<\/strong> que sit\u00faa a Vigo entre las ciudades punteras en tecnolog\u00edas ITS (Intelligent Transport Systems).<\/p>\n<\/li>\n<li><strong> &#8216;Plan de Movilidad Urbana Sostenible (PMUS)&#8217;<\/strong> como plan integral de mejora de la movilidad urbana.<\/p>\n<\/li>\n<\/ol>\n<\/li>\n<li>\n<p align=\"justify\">El &#8216;<strong>Plan de ahorro y eficiencia energ\u00e9tica<\/strong>&#8216; junto con los proyectos europeos Life Green City y GreenPlay y el impulso de energ\u00edas renovables (e\u00f3lica y solar) que han conseguido importantes ahorros de energ\u00eda.<\/p>\n<\/li>\n<li>\n<p align=\"justify\">&#8216;<strong>Fomento del Coche el\u00e9ctrico<\/strong>&#8216;: Vigo ha sido la ciudad elegida para 3 proyectos europeos de movilidad sostenible y coche el\u00e9ctrico. El ayuntamiento de Vigo fue l\u00edder del proyecto SUM proyect, participa en el proyecto Mobi.Europe y ha realizado numeras actuaciones para impulsar el veh\u00edculo el\u00e9ctrico.<\/p>\n<\/li>\n<li>\n<p align=\"justify\">&#8216;<strong>Plan director de Humanizaciones<\/strong>&#8216; que ha hecho de Vigo una ciudad m\u00e1s habitable, moderna y accesible, fomentando la movilidad peatonal y mejorando la calidad de vida de la ciudadan\u00eda.<\/p>\n<\/li>\n<li>\n<p align=\"justify\">&#8216;<strong>Plan de Modernizaci\u00f3n de Administraci\u00f3n Electr\u00f3nica<\/strong>&#8216; que ha llevado a Vigo a ser una ciudad referente en Servicios electr\u00f3nicos a la ciudadan\u00eda.<\/p>\n<\/li>\n<li>\n<p align=\"justify\"><strong>Ahorro y gesti\u00f3n eficiente del agua<\/strong>: gracias al proyecto de Automatizaci\u00f3n y telegesti\u00f3n del abastecimiento, implantaci\u00f3n de riego inteligente, gesti\u00f3n de baldeos y al nuevo sistema de detecci\u00f3n de fugas de agua inteligente.<\/p>\n<\/li>\n<\/ul>\n<p align=\"justify\">En el periodo 2015-2018, junto con Francia y Hungri\u0301a, el ayuntamiento participa en el proyecto europeo \u201cGreenPlay\u201d (\u201cGame to promote energy efficiency actions\u201d) para motivar y apoyar el cambio de comportamiento de los ciudadanos para lograr una mayor<strong> eficiencia energe\u0301tica<\/strong> aprovechando las TIC.<\/p>\n<p align=\"justify\">En 2017 Vigo inicia el proyecto \u201c<strong>AutoPilot<\/strong>\u201d de<strong> coche aut\u00f3nomo<\/strong>, en colaboraci\u00f3n entre ayuntamiento con el Grupo <strong>PSA<\/strong> y el <strong>CTAG<\/strong>. Y en 2018 arranca el proyecto <strong>5G-MOBIX<\/strong>, tambi\u00e9n con participaci\u00f3n del ayuntamiento, que probar\u00e1 diferentes casos de uso que requieren una conectividad de alto rendimiento en el corredor Vigo-Oporto y veh\u00edculos automatizados con 5G.<\/p>\n<p align=\"justify\">En 2018, Vigo fue una de las 10 ciudades espa\u00f1olas seleccionadas para participar en el informe IESE Cities in Motion 2018 (ICIM) que mide la sostenibilidad y calidad de vida de 165 urbes de 80 pa\u00edses a nivel mundial.<\/p>\n<h2 align=\"justify\">Pr\u00f3ximos pasos<\/h2>\n<p align=\"justify\">El ayuntamiento est\u00e1 ampliando su<strong> plataforma smart city VCI+<\/strong> a la versi\u00f3n 2.0 con tecnolog\u00eda <strong>FiWARE<\/strong>. Y en 2018 ha presentado un proyecto de innovaci\u00f3n en el \u00e1mbito de <strong>smart buildings<\/strong>, con un presupuesto de 5 millones de euros de subvenci\u00f3n de red.es, con m\u00e1s de 170 edificios implicados, as\u00ed como el puerto, aeropuerto y la estaci\u00f3n de tren, con el objetivo de <strong>mejorar la calidad de vida de la ciudadan\u00eda a trav\u00e9s de la innovaci\u00f3n<\/strong>.<\/p>\n<p align=\"justify\">Siguiendo con esta l\u00ednea de trabajo nace la <strong>Estrategia de Desarrollo Urbano Vigo Vertical (DUSI)<\/strong>, cofinanciada con 18.750.000 euros con fondos FEDER. \u00c9sta estrategia se asienta sobre cuatro Objetivos Tem\u00e1ticos que pretenden potenciar una ciudad <strong>accesible, referente e innovadora<\/strong>:<\/p>\n<ul>\n<li>\n<p align=\"justify\"><strong>Mejorar el acceso, el uso y la calidad de las tecnolog\u00edas de la informaci\u00f3n y de la comunicaci\u00f3n<\/strong>.<\/p>\n<\/li>\n<li>\n<p align=\"justify\">Favorecer el paso a una<strong> econom\u00eda de bajo nivel de emisi\u00f3n de carbono<\/strong> en todos los sectores.<\/p>\n<\/li>\n<li>\n<p align=\"justify\">Conservar y <strong>proteger el medio ambiente y promover la eficiencia de los recursos<\/strong>.<\/p>\n<\/li>\n<li>\n<p align=\"justify\">Promover la<strong> inclusi\u00f3n social<\/strong> y luchar contra la pobreza y cualquier discriminaci\u00f3n.<\/p>\n<\/li>\n<\/ul>\n<p align=\"justify\">Destaca tambi\u00e9n la candidatura de Vigo de \u201c<strong>Islas C\u00edes Patrimonio de la Humanidad<\/strong>\u201d con un gran componente de <strong>difusi\u00f3n cient\u00edfica e investigaci\u00f3n<\/strong> en colaboraci\u00f3n con centros cient\u00edficos como el <strong>CSIC<\/strong> y el <strong>Instituto Espa\u00f1ol de Oceanograf\u00eda de Vig<\/strong>o.<\/p>\n<p><\/p>","protected":false},"excerpt":{"rendered":"<p>El Ayuntamiento de Vigo y la Innovaci\u00f3n El Ayuntamiento de Vigo es un actor fundamental en el ecosistema de innovaci\u00f3n de la ciudad, tanto en&hellip;<\/p>\n","protected":false},"author":4,"featured_media":0,"parent":0,"menu_order":0,"comment_status":"closed","ping_status":"closed","template":"","meta":{"_monsterinsights_skip_tracking":false,"_monsterinsights_sitenote_active":false,"_monsterinsights_sitenote_note":"","_monsterinsights_sitenote_category":0,"footnotes":""},"class_list":["post-2755","page","type-page","status-publish","hentry"],"_links":{"self":[{"href":"https:\/\/datos.vigo.org\/es\/wp-json\/wp\/v2\/pages\/2755","targetHints":{"allow":["GET"]}}],"collection":[{"href":"https:\/\/datos.vigo.org\/es\/wp-json\/wp\/v2\/pages"}],"about":[{"href":"https:\/\/datos.vigo.org\/es\/wp-json\/wp\/v2\/types\/page"}],"author":[{"embeddable":true,"href":"https:\/\/datos.vigo.org\/es\/wp-json\/wp\/v2\/users\/4"}],"replies":[{"embeddable":true,"href":"https:\/\/datos.vigo.org\/es\/wp-json\/wp\/v2\/comments?post=2755"}],"version-history":[{"count":12,"href":"https:\/\/datos.vigo.org\/es\/wp-json\/wp\/v2\/pages\/2755\/revisions"}],"predecessor-version":[{"id":3151,"href":"https:\/\/datos.vigo.org\/es\/wp-json\/wp\/v2\/pages\/2755\/revisions\/3151"}],"wp:attachment":[{"href":"https:\/\/datos.vigo.org\/es\/wp-json\/wp\/v2\/media?parent=2755"}],"curies":[{"name":"wp","href":"https:\/\/api.w.org\/{rel}","templated":true}]}}