{"id":2757,"date":"2019-08-26T11:54:48","date_gmt":"2019-08-26T11:54:48","guid":{"rendered":"https:\/\/datos.vigo.org\/?page_id=2757"},"modified":"2019-09-20T12:18:34","modified_gmt":"2019-09-20T12:18:34","slug":"plataforma-smart-city-vci-2-0","status":"publish","type":"page","link":"https:\/\/datos.vigo.org\/es\/plataforma-smart-city-vci-2-0\/","title":{"rendered":"Plataforma smart city VCI+ 2.0"},"content":{"rendered":"<p><\/p>\n<h1 class=\"titulo-vigo\">Plataforma VCI+ \u00abVigo Ciudad Inteligente\u00bb<\/h1>\n<p><span lang=\"gl-ES\">El Ayuntamiento de Vigo est\u00e1 inmerso en un proceso continuo de modernizaci\u00f3n fruto del cual cre\u00f3 la plataforma smart \u00abVigo Ciudad Inteligente (VCI+)\u00bb. Esta plataforma centraliza la informaci\u00f3n ciudad y ofrece nuevos servicios a la ciudadan\u00eda como el<\/span><span lang=\"gl-ES\"> portal de Open Data y la aplicaci\u00f3n <a href=\"https:\/\/datos.vigo.org\/app-vigo\/\">global ciudad \u201cVigo\u201d<\/a>.<\/span><\/p>\n<p><span lang=\"gl-ES\">La Plataforma VCI+, centraliza la informaci\u00f3n de la Ciudad tanto de los datos Internos c\u00f3mo externos ofreciendo una serie de servicios sobre los mismos as\u00ed como un framework para desarrollo r\u00e1pido de aplicaciones haciendo uso de los servicios.<\/span><\/p>\n<p><span lang=\"gl-ES\">Las componentes b\u00e1sicos de la Plataforma VCI+ siguen la norma UNE 178104:2017. Este modelo establece los elementos que pueden componer la plataforma, dejando de lado los aspectos de infraestructura, de acuerdo con las siguientes capas: adquisici\u00f3n y interconexi\u00f3n, conocimiento, interoperabilidad, servicios y soporte.<\/span><\/p>\n<p><span lang=\"gl-ES\">Los componentes b\u00e1sicos de la plataforma VCI+ representados seg\u00fan la estructura de capas de niveles de la norma UNE 178104:2017 son:<\/span><\/p>\n<p><img fetchpriority=\"high\" decoding=\"async\" class=\"size-large wp-image-2768 alignnone\" src=\"https:\/\/datos.vigo.org\/wp-content\/uploads\/2019\/08\/sistema_datos_ciudad_global_3-1024x694.png\" alt=\"Plataforma VCI+\" width=\"843\" height=\"571\" srcset=\"https:\/\/datos.vigo.org\/wp-content\/uploads\/2019\/08\/sistema_datos_ciudad_global_3-1024x694.png 1024w, https:\/\/datos.vigo.org\/wp-content\/uploads\/2019\/08\/sistema_datos_ciudad_global_3-300x203.png 300w, https:\/\/datos.vigo.org\/wp-content\/uploads\/2019\/08\/sistema_datos_ciudad_global_3-768x520.png 768w\" sizes=\"(max-width: 843px) 100vw, 843px\" \/><\/p>\n<h2><span lang=\"gl-ES\">Capa de servicios de la plataforma<\/span><\/h2>\n<p align=\"justify\"><span lang=\"gl-ES\">La plataforma VCI+ permite construir nuevos servicios avanzados sobre los servicios de las capas antes expuestas. <\/span><span lang=\"gl-ES\">Entre los servicios avanzados construidos sobre los servicios de la VCI+ podemos destacar:<\/span><\/p>\n<ul>\n<li lang=\"gl-ES\"><strong>Panel de Control Ciudad (PCC+)<\/strong> : herramienta de control global de la ciudad con capacidad GIS y con acceso a todos los Datos Ciudad desde una \u00fanica herramienta para su visualizaci\u00f3n, an\u00e1lisis y explotaci\u00f3n de forma conjunta.<\/li>\n<li lang=\"gl-ES\"><strong>Herramientas Gesti\u00f3n Ciudad<\/strong> : Conjunto de aplicaciones m\u00f3viles de gesti\u00f3n ciudad que ayudan al personal municipal distribuido por la ciudad: Gestores, Polic\u00eda, Bomberos, Inspectores, T\u00e9cnicos,&#8230; Acceso en tiempo real a datos de la ciudad, mapas, datos de cada parcela, expedientes, edificios, poblaci\u00f3n, tributos,&#8230; facilitando el teletrabajo.<\/li>\n<li lang=\"gl-ES\"><strong>Plataforma Open Data<\/strong>: plataforma Open Data para empresas y emprendedores que permite mejorar y generar nuevos negocios. Este portal se nutre de forma autom\u00e1tica mediante los procesos definidos en el \u201cBroker VCI+\u201d.<\/li>\n<li lang=\"gl-ES\"><strong>App M\u00f3vil Ciudadana \u201cVigo\u201d<\/strong>: Centraliza en una \u00fanica APP m\u00f3vil municipal toda la informaci\u00f3n ciudad-ciudadan\u00eda y crea un nuevo canal de comunicaci\u00f3n. El \u201cBr\u00f3ker VCI+\u201d genera notificaciones\u00a0 PUSH a la ciudadan\u00eda de forma autom\u00e1tica.<\/li>\n<li lang=\"gl-ES\"><strong>Portal de Transparencia<\/strong>: El portal oficial de Transparencia de Vigo (transparencia.vigo.org) se nutre \u00edntegramente del gestor de datos del \u201cBr\u00f3ker VCI+\u201d y el API Framework Ciudad (VFC+)<\/li>\n<li lang=\"gl-ES\"><strong><a name=\"__DdeLink__70012_3053853885\"><\/a><span lang=\"gl-ES\">Sede Electr\u00f3nica<\/span><\/strong><span lang=\"gl-ES\">: La sede electr\u00f3nica ofrece servicios de publicaci\u00f3n de informaci\u00f3n a trav\u00e9s del \u201cBr\u00f3ker VCI+\u201d y el API Framework Ciudad (VFC+)<\/span><\/li>\n<li><strong><span lang=\"gl-ES\">Portal Municipal vigo.org<\/span><\/strong><span lang=\"gl-ES\">: La web vigo.org incorpor\u00f3 nuevos servicios innovadores a trav\u00e9s del \u201cBr\u00f3ker VCI+\u201d y el API Framework Ci<\/span><span lang=\"gl-ES\">dad<\/span><span lang=\"gl-ES\"> (VFC+). Por ejemplo: informaci\u00f3n en tiempo real del estado del tr\u00e1fico, la ag<\/span><span lang=\"gl-ES\">enda de eventos, avisos ciudadanos, informaci\u00f3n meteorol\u00f3gica, avisos de tr\u00e1fico,\u2026<\/span><span lang=\"gl-ES\">.<\/span><\/li>\n<\/ul>\n<h2><span lang=\"gl-ES\">Evoluci\u00f3n de la plataforma: plataforma VCI+ 2.0<\/span><\/h2>\n<p>La VCI+ 2.0 es la evoluci\u00f3n de la plataforma integrando nuevos servicios, bajo la norma UNE 178104:2017, de adquisici\u00f3n de datos de nodos IoT, servicios de BigData, Complex Event Processing (CEP) y Business Intelligence (BI). Un nuevo cuadro de mando integral con m\u00e1s de 200 indicadores ciudad y soporte a indicadores de la norma ISO-37120 (\u201cDesarrollo sostenible en las ciudades. Indicadores para los servicios urbanos y la calidad de vida\u201d)<\/p>\n<p><img decoding=\"async\" class=\"size-large wp-image-2770 alignnone\" src=\"https:\/\/datos.vigo.org\/wp-content\/uploads\/2019\/08\/vciplus2-1024x643.png\" alt=\"Plataforma VCI+ 2.0\" width=\"843\" height=\"529\" srcset=\"https:\/\/datos.vigo.org\/wp-content\/uploads\/2019\/08\/vciplus2-1024x643.png 1024w, https:\/\/datos.vigo.org\/wp-content\/uploads\/2019\/08\/vciplus2-300x188.png 300w, https:\/\/datos.vigo.org\/wp-content\/uploads\/2019\/08\/vciplus2-768x482.png 768w, https:\/\/datos.vigo.org\/wp-content\/uploads\/2019\/08\/vciplus2.png 1614w\" sizes=\"(max-width: 843px) 100vw, 843px\" \/><\/p>","protected":false},"excerpt":{"rendered":"<p>Plataforma VCI+ \u00abVigo Ciudad Inteligente\u00bb El Ayuntamiento de Vigo est\u00e1 inmerso en un proceso continuo de modernizaci\u00f3n fruto del cual cre\u00f3 la plataforma smart \u00abVigo&hellip;<\/p>\n","protected":false},"author":4,"featured_media":0,"parent":0,"menu_order":0,"comment_status":"closed","ping_status":"closed","template":"","meta":{"_monsterinsights_skip_tracking":false,"_monsterinsights_sitenote_active":false,"_monsterinsights_sitenote_note":"","_monsterinsights_sitenote_category":0,"footnotes":""},"class_list":["post-2757","page","type-page","status-publish","hentry"],"_links":{"self":[{"href":"https:\/\/datos.vigo.org\/es\/wp-json\/wp\/v2\/pages\/2757","targetHints":{"allow":["GET"]}}],"collection":[{"href":"https:\/\/datos.vigo.org\/es\/wp-json\/wp\/v2\/pages"}],"about":[{"href":"https:\/\/datos.vigo.org\/es\/wp-json\/wp\/v2\/types\/page"}],"author":[{"embeddable":true,"href":"https:\/\/datos.vigo.org\/es\/wp-json\/wp\/v2\/users\/4"}],"replies":[{"embeddable":true,"href":"https:\/\/datos.vigo.org\/es\/wp-json\/wp\/v2\/comments?post=2757"}],"version-history":[{"count":10,"href":"https:\/\/datos.vigo.org\/es\/wp-json\/wp\/v2\/pages\/2757\/revisions"}],"predecessor-version":[{"id":3053,"href":"https:\/\/datos.vigo.org\/es\/wp-json\/wp\/v2\/pages\/2757\/revisions\/3053"}],"wp:attachment":[{"href":"https:\/\/datos.vigo.org\/es\/wp-json\/wp\/v2\/media?parent=2757"}],"curies":[{"name":"wp","href":"https:\/\/api.w.org\/{rel}","templated":true}]}}