{"id":3116,"date":"2020-01-07T13:46:53","date_gmt":"2020-01-07T13:46:53","guid":{"rendered":"https:\/\/datos.vigo.org\/?page_id=3116"},"modified":"2020-01-07T14:07:32","modified_gmt":"2020-01-07T14:07:32","slug":"aviso-legal","status":"publish","type":"page","link":"https:\/\/datos.vigo.org\/es\/aviso-legal\/","title":{"rendered":"Aviso Legal"},"content":{"rendered":"<p><\/p>\n<h1 align=\"justify\">Aviso legal<\/h1>\n<p align=\"justify\">Las condiciones generales que se van a exponer a continuaci\u00f3n, as\u00ed como las condiciones particulares aplicables a cada una de las licencias a las que se sujetan los conjuntos de datos publicados en el Portal de Datos Abiertos del Ayuntamiento de Vigo, vincular\u00e1n a cualquier agente reutilizador por el mero hecho de hacer uso de los documentos sometidos a ellas. La aceptaci\u00f3n del presente aviso legal no supone la concesi\u00f3n de los derechos de autor ni la propiedad intelectual sobre los conjuntos de datos.<\/p>\n<h2 align=\"justify\">Condiciones generales:<\/h2>\n<ul>\n<li>Que el contenido de la informaci\u00f3n, incluyendo sus metadatos, no sea alterado.<\/li>\n<li>Que no se desnaturalice el sentido de la informaci\u00f3n.<\/li>\n<li>Que se cite la fuente.<\/li>\n<li>Que se mencione la fecha de la \u00faltima actualizaci\u00f3n.<\/li>\n<li>En caso de que la informaci\u00f3n contenga datos de car\u00e1cter personal, las finalidades concretas del uso de tales datos.<\/li>\n<li>Cuando la informaci\u00f3n, aun siendo facilitada de forma disociada, contuviera elementos suficientes que pudieran permitir la identificaci\u00f3n de los interesados en el proceso de reutilizaci\u00f3n, la prohibici\u00f3n de revertir el procedimiento de disociaci\u00f3n mediante la adici\u00f3n de nuevos datos obtenidos de otras fuentes.<\/li>\n<\/ul>\n<h2 align=\"justify\">LICENCIAS:<\/h2>\n<ul>\n<li>Informaci\u00f3n relativa a la finalidad concreta para la que se concede la reutilizaci\u00f3n: sujeci\u00f3n al car\u00e1cter comercial o no comercial, que permita la licencia en cada caso concreto.<\/li>\n<\/ul>\n<p align=\"justify\">El agente reutilizador queda sujeto a las condiciones espec\u00edficas aplicables a la licencia Creative Commons &#8211; Attribution (CC-BY 4.0), a los que puede acceder en el siguiente enlace: https:\/\/creativecommons.org\/licenses\/by\/4.0\/legalcode.es<\/p>\n<p align=\"justify\">En el caso de conjuntos de datos en los que haya habido participaci\u00f3n de terceros, ser\u00e1n de aplicaci\u00f3n las condiciones de uso de la licencia Creative Commons &#8211; Atribuci\u00f3n-NoComercial-SinDerivadas 4.0 Internacional (CC BY-NC-ND 4.0), disponibles para su consulta en: https:\/\/creativecommons.org\/licenses\/by-nc-nd\/4.0\/legalcode.es<\/p>\n<p align=\"justify\">Se proh\u00edbe la reutilizaci\u00f3n de ning\u00fan conjunto de datos para finalidades il\u00edcitas o que atenten contra los principios de personas, entidades o de la actuaci\u00f3n administrativa p\u00fablica.<\/p>\n<ul>\n<li>Duraci\u00f3n de la licencia. Las licencias tendr\u00e1n vigencia mientras no conste su revocaci\u00f3n o modificaci\u00f3n en el Portal de Datos Abiertos del Ayuntamiento de Vigo. La revocaci\u00f3n o modificaci\u00f3n de las licencias producir\u00e1 efecto desde el momento en que sea objeto de publicaci\u00f3n o difusi\u00f3n p\u00fablica en el Portal Open Data.<\/li>\n<li>Reconocimiento de la autor\u00eda. El beneficiario de los datos puestos a disposici\u00f3n por el Ayuntamiento est\u00e1 obligado a: mencionar la autor\u00eda del Ayuntamiento de Vigo, para lo cual se insta que el usuario ponga en conocimiento del Ayuntamiento todos los proyectos derivados o que utilicen la informaci\u00f3n de datos abiertos; estando sujeto adem\u00e1s a la posibilidad de que el Ayuntamiento le requiera informaci\u00f3n a efectos estad\u00edsticos de los recursos empleados.<\/li>\n<\/ul>\n<p align=\"justify\">En los casos en los que sea obligado reconocer la autor\u00eda y mencionar el Ayuntamiento de Vigo como la fuente de los conjuntos de datos, hay que hacerlo de la manera siguiente: \u201cFuente de los datos: Ayuntamiento de Vigo\u201d.<\/p>\n<p align=\"justify\">Si se incluye esta citaci\u00f3n en formato HTML, se puede utilizar el marcaje siguiente:<\/p>\n<p align=\"justify\">Fuente de los datos: &lt;a href = \u00abhttps:\/\/datos.vigo.org\u201d title = \u00abOpen Data Vigo\u00bb&gt; Ayuntamiento de Vigo &lt;\/ a&gt;<\/p>\n<p align=\"justify\">No obstante, no se autoriza al usuario, en ning\u00fan caso, a la utilizaci\u00f3n de logotipos, marcas, escudos y s\u00edmbolos distintivos del Ayuntamiento de Vigo, propiedad exclusiva de esta instituci\u00f3n y protegidos conforme al Real Decreto Legislativo 1\/1996, de 12 de abril, por lo que se aprueba el Texto refundido de la Ley de propiedad intelectual. Adem\u00e1s, el beneficiario de los datos queda sujeto al r\u00e9gimen disciplinario previsto en el art\u00edculo 11 de la Ley 37\/2007 y, en consecuencia, a las infracciones y sanciones previstas en el incluso y en las disposiciones reglamentarias que en un futuro puedan dictarse en desarrollo de esta ley. Finalmente, deber\u00e1 indicar cualquier modificaci\u00f3n que realice en los datos obtenidos a trav\u00e9s del Portal de Datos Abiertos del Ayuntamiento en el momento en que se lleve a cabo.<\/p>\n<ul>\n<li>Deberes de la Administraci\u00f3n concedente. El Ayuntamiento de Vigo pondr\u00e1 a disposici\u00f3n del conjunto de la sociedad una serie de datos e indicadores para su libre uso, de conformidad con las condiciones previstas en las licencias, a trav\u00e9s del portal de acceso: https:\/\/datos.vigo.org.<\/li>\n<li>Responsabilidades de uso. El Ayuntamiento de Vigo se compromete a poner los datos a disposici\u00f3n de la sociedad a trav\u00e9s del Portal de datos abiertos para su reutilizaci\u00f3n, mas a pesar de sus esfuerzos continuos por gestionar de forma adecuada los conjuntos de datos, no puede asegurar la integridad, la actualizaci\u00f3n, la precisi\u00f3n o el acceso continuo a los mismos, ni ofrece ninguna garant\u00eda al respeto.<\/li>\n<\/ul>\n<p align=\"justify\">El Ayuntamiento no responder\u00e1 en ning\u00fan caso de los da\u00f1os o perjuicios que de forma directa o indirecta pueda provocar el uso de los datos.<\/p>\n<p align=\"justify\">Por el contrario, el usuario de los datos abiertos queda sujeto, por la aceptaci\u00f3n de las condiciones generales a las que se someten las licencias, a la responsabilidad civil, penitenciaria o administrativa frente al Ayuntamiento. Particularmente, los usuarios responder\u00e1n de cualquier sanci\u00f3n, gasto procesal, extraprocesal o de cualquiera otro tipo que se imponga al Ayuntamiento de Vigo como consecuencia del mal uso de esos datos. Asimismo, el Ayuntamiento tiene potestad para ejercitar cualesquieras acciones judiciales, ante cualquier orden jurisdiccional, derivadas de la utilizaci\u00f3n de los datos abiertos difundidos por el mismo; todo esto desarrollando lo previsto por el art\u00edculo 4.7 de la Ley 37\/2007.<\/p>\n<p align=\"justify\">Los usuarios de los datos publicados en el Portal de Datos Abiertos del Ayuntamiento de Vigo, as\u00ed como las personas f\u00edsicas o jur\u00eddicas que, de forma directa o indirecta reutilicen cualquier informaci\u00f3n que sea propiedad del Ayuntamiento de Vigo, quedan sometidos al r\u00e9gimen sancionador previsto en el art\u00edculo 11 de la Ley 37\/2007, de 16 de noviembre, sobre reutilizaci\u00f3n de la informaci\u00f3n del sector p\u00fablico, o norma que la sustituya, desarrolle o complemente, as\u00ed como a las disposiciones que las Leyes 39 y 40 del a\u00f1o 2015 contienen sobre esta materia.<\/p>\n<p align=\"justify\">El Ayuntamiento de Vigo ofrece los conjuntos de datos disponibles tal como constan en sus archivos y, a pesar de los esfuerzos por gestionar de manera adecuada los conjuntos de datos, no puede asegurar la integridad, la actualizaci\u00f3n, la precisi\u00f3n o el acceso continuo a estos conjuntos de datos, y no ofrece ninguna garant\u00eda en este sentido.<\/p>\n<p align=\"justify\">El Ayuntamiento de Vigo puede, en cualquier momento, a\u00f1adir, eliminar o modificar los conjuntos de datos publicados o estas Condiciones de uso. La \u00faltima versi\u00f3n se publicar\u00e1 en la p\u00e1gina web <a href=\"https:\/\/datos.vigo.org\">https:\/\/datos.vigo.org<\/a>. Cualquier cambio que lleve a cabo ser\u00e1 efectivo desde el momento de su publicaci\u00f3n, a menos que se notifique el contrario.<\/p>\n<p align=\"justify\"><strong>Tanto el Ayuntamiento de Vigo como cualquiera de sus organismos, entidades o agentes, no se hacen responsables de los da\u00f1os o p\u00e9rdidas que, de manera directa o indirecta, tambi\u00e9n los que comportan perjuicios econ\u00f3micos, materiales o sobre datos, provoque o pueda provocar el uso de los conjuntos de datos.<\/strong><\/p>\n<ul>\n<li>Modalidades financieras. La reutilizaci\u00f3n de los conjuntos de datos puestos a disposici\u00f3n de la ciudadan\u00eda en el Portal de datos abiertos est\u00e1 sujeto a las modalidades tarifarias previstas en el art\u00edculo 7 de la Ley 37\/2007 y 6 de la Directiva 2019\/1024. Cumpliendo esta normativa, se prev\u00e9 que la reutilizaci\u00f3n de la informaci\u00f3n tendr\u00e1 con car\u00e1cter general car\u00e1cter gratuito, sin perjuicio de que el Ayuntamiento se reserve el derecho de publicar conjuntos de datos bajo otras condiciones espec\u00edficas de reutilizaci\u00f3n y, m\u00e1s particularmente la posibilidad de exigir prestaciones derivadas del uso que tengan por objeto recuperar los costes en que se incurra para la reproducci\u00f3n, puesta a disposici\u00f3n y difusi\u00f3n de los documentos, as\u00ed como para la anonimizaci\u00f3n de datos personales y las medidas id\u00f3neas para proteger informaci\u00f3n comercial confidencial.<\/li>\n<li>Solicitudes de reutilizaci\u00f3n: Quien desee formular alguna petici\u00f3n de difusi\u00f3n o apertura de datos para su reutilizaci\u00f3n lo har\u00e1 mediante la presentaci\u00f3n de una solicitud al afecto a trav\u00e9s del Registro General del Ayuntamiento de Vigo, o en cualquiera de los modos previstos en el art\u00edculo 16.4 de la Ley 39\/2015, de 3 de octubre, del procedimiento administrativo com\u00fan de las administraciones p\u00fablicas, tramit\u00e1ndose las mismas conforme al dispuesto en el art\u00edculo 10 de la Ley 37\/2007, de reutilizaci\u00f3n.<\/li>\n<\/ul>\n<p><\/p>","protected":false},"excerpt":{"rendered":"<p>Aviso legal Las condiciones generales que se van a exponer a continuaci\u00f3n, as\u00ed como las condiciones particulares aplicables a cada una de las licencias a&hellip;<\/p>\n","protected":false},"author":4,"featured_media":0,"parent":0,"menu_order":0,"comment_status":"closed","ping_status":"closed","template":"","meta":{"_monsterinsights_skip_tracking":false,"_monsterinsights_sitenote_active":false,"_monsterinsights_sitenote_note":"","_monsterinsights_sitenote_category":0,"footnotes":""},"class_list":["post-3116","page","type-page","status-publish","hentry"],"_links":{"self":[{"href":"https:\/\/datos.vigo.org\/es\/wp-json\/wp\/v2\/pages\/3116","targetHints":{"allow":["GET"]}}],"collection":[{"href":"https:\/\/datos.vigo.org\/es\/wp-json\/wp\/v2\/pages"}],"about":[{"href":"https:\/\/datos.vigo.org\/es\/wp-json\/wp\/v2\/types\/page"}],"author":[{"embeddable":true,"href":"https:\/\/datos.vigo.org\/es\/wp-json\/wp\/v2\/users\/4"}],"replies":[{"embeddable":true,"href":"https:\/\/datos.vigo.org\/es\/wp-json\/wp\/v2\/comments?post=3116"}],"version-history":[{"count":2,"href":"https:\/\/datos.vigo.org\/es\/wp-json\/wp\/v2\/pages\/3116\/revisions"}],"predecessor-version":[{"id":3118,"href":"https:\/\/datos.vigo.org\/es\/wp-json\/wp\/v2\/pages\/3116\/revisions\/3118"}],"wp:attachment":[{"href":"https:\/\/datos.vigo.org\/es\/wp-json\/wp\/v2\/media?parent=3116"}],"curies":[{"name":"wp","href":"https:\/\/api.w.org\/{rel}","templated":true}]}}