{"id":3121,"date":"2020-01-08T09:14:43","date_gmt":"2020-01-08T09:14:43","guid":{"rendered":"https:\/\/datos.vigo.org\/?page_id=3121"},"modified":"2020-01-08T10:47:27","modified_gmt":"2020-01-08T10:47:27","slug":"politica-sobre-cookies","status":"publish","type":"page","link":"https:\/\/datos.vigo.org\/es\/politica-sobre-cookies\/","title":{"rendered":"Pol\u00edtica sobre cookies"},"content":{"rendered":"<p><\/p>\n<h1>Pol\u00edtica sobre cookies<\/h1>\n<p>El <strong>Ayuntamiento de Vigo\u00a0 <\/strong>informa acerca del uso de las cookies en sus p\u00e1ginas web.<\/p>\n<p>Las cookies son archivos que se pueden descargar en su equipo a trav\u00e9s de las p\u00e1ginas web. Son herramientas que tienen un papel esencial para la prestaci\u00f3n de numerosos servicios de la sociedad de la informaci\u00f3n. Entre otros, permiten a una p\u00e1gina web almacenar y recuperar informaci\u00f3n sobre los h\u00e1bitos de navegaci\u00f3n de un usuario o de su equipo y, dependiendo de la informaci\u00f3n obtenida, se pueden utilizar para reconocer al usuario y mejorar el servicio ofrecido.<\/p>\n<h2>Tipos de cookies<\/h2>\n<p>Seg\u00fan quien sea la entidad que gestione el dominio desde donde se env\u00edan las cookies y trate los datos que se obtengan se pueden distinguir dos tipos: <strong>cookies propias y cookies de terceros <\/strong>.<\/p>\n<p>Existe tambi\u00e9n una segunda clasificaci\u00f3n seg\u00fan el plazo de tiempo que permanecen almacenadas en el navegador del cliente, pudiendo tratarse de <strong>cookies de sesi\u00f3n o cookies persistentes <\/strong>.<\/p>\n<p>Por \u00faltimo, existe otra clasificaci\u00f3n con cinco tipos de cookies seg\u00fan la finalidad para la que se traten los datos obtenidos: <strong>cookies t\u00e9cnicas, cookies de personalizaci\u00f3n, cookies de an\u00e1lisis, cookies publicitarias y cookies de publicidad comportamental <\/strong>.<\/p>\n<h2>Cookies utilizadas en la web<\/h2>\n<p>A continuaci\u00f3n se identifican las cookies que est\u00e1n siendo utilizadas en este portal as\u00ed como su tipolog\u00eda y\u00a0funci\u00f3n:<\/p>\n<p>Esta p\u00e1gina web utiliza <strong>Google Analytics <\/strong>, un servicio de anal\u00edtica web desarrollada por Google, que permite la medici\u00f3n y an\u00e1lisis de la navegaci\u00f3n en las p\u00e1ginas web. En\u00a0su navegador podr\u00e1 observar\u00a0 <strong>4 cookies de este servicio <\/strong>. Seg\u00fan la tipolog\u00eda anterior se trata de cookies propias, de sesi\u00f3n y de an\u00e1lisis. Puede encontrar m\u00e1s informaci\u00f3n en la p\u00e1gina <a href=\"https:\/\/developers.google.com\/analytics\/devguides\/collection\/analyticsjs\/cookie-usage?hl=es\">Uso de las cookies de Google Analytics en sitios web<\/a><\/p>\n<p>A trav\u00e9s de la anal\u00edtica web se obtiene informaci\u00f3n relativa al n\u00famero de usuarios que acceden a la web, el n\u00famero de p\u00e1ginas vistas, la frecuencia y repetici\u00f3n de las visitas, su duraci\u00f3n, el navegador utilizado, el operador que presta el servicio, el idioma, el terminal que utiliza, o la ciudad a la que est\u00e1 asignada su direcci\u00f3n IP. Informaci\u00f3n que posibilita un mejor y m\u00e1s apropiado servicio por parte de este portal.<\/p>\n<p>Otras de las cookies que se descargan son cookies de tipo t\u00e9cnico para mantener la sesi\u00f3n de usuario.\u00a0Estas cookies permiten almacenar un identificador \u00fanico por sesi\u00f3n a trav\u00e9s del que es posible vincular datos necesarios para posibilitar la navegaci\u00f3n en curso.<\/p>\n<p>Por \u00faltimo, se descarga una cookie propia, de tipo t\u00e9cnico y de sesi\u00f3n.\u00a0Gestiona el consentimiento del usuario para el uso de las cookies en la p\u00e1gina web, con el objeto de\u00a0recordar aquellos usuarios que las han aceptado y aquellos que no, de modo que a los primeros no se les muestre informaci\u00f3n en la parte superior de la p\u00e1gina al respecto.<\/p>\n<h2>Aceptaci\u00f3n de la Pol\u00edtica de cookies<\/h2>\n<p>El Ayuntamiento asume que usted acepta el uso de cookies. No obstante, muestra informaci\u00f3n sobre su Pol\u00edtica de cookies en la parte superior de cualquier p\u00e1gina del portal con cada inicio de sesi\u00f3n con el objeto de que usted sea consciente.<\/p>\n<p>Ante esta informaci\u00f3n es posible llevar a cabo las siguientes acciones:<\/p>\n<ul class=\"faq-list\">\n<li><strong>Aceptar cookies. <\/strong>No se volver\u00e1 a visualizar este aviso al acceder a cualquier p\u00e1gina del portal durante la presente sesi\u00f3n.<\/li>\n<li><strong>Conocer la Pol\u00edtica de Cookies y Modificar su configuraci\u00f3n. <\/strong>Podr\u00e1 obtener m\u00e1s informaci\u00f3n sobre qu\u00e9 son las cookies, conocer la Pol\u00edtica de cookies del Ayuntamiento y modificar la configuraci\u00f3n de su navegador.<\/li>\n<\/ul>\n<h2 id=\"configuracion\">C\u00f3mo modificar la configuraci\u00f3n de las cookies<\/h2>\n<p>Usted puede restringir, bloquear o borrar las cookies del Ayuntamiento de Vigo o cualquier otra p\u00e1gina web, utilizando su navegador. En cada navegador la operativa es diferente, la funci\u00f3n de &#8216;Ayuda\u00bb le mostrar\u00e1 c\u00f3mo hacerlo.<\/p>\n<ul class=\"faq-list\">\n<li><strong>Internet Explorer: <\/strong> <a href=\"http:\/\/windows.microsoft.com\/es-xl\/internet-explorer\/delete-manage-cookies#ie=ie-10\">windows.microsoft.com\/es-xl\/internet-explorer\/delete-manage-cookies#ie=\u00bbie-10&#8243; <\/a><\/li>\n<li><strong>FireFox: <\/strong> <a href=\"https:\/\/support.mozilla.org\/es\/kb\/Borrar%20cookies\">support.mozilla.org\/es\/kb\/Borrar%20cookies <\/a><\/li>\n<li><strong>Chrome: <\/strong> <a href=\"https:\/\/support.google.com\/chrome\/answer\/95647?hl=es\">support.google.com\/chrome\/answer\/95647?hl=\u00bbes\u00bb <\/a><\/li>\n<li><strong>Safari: <\/strong> <a href=\"http:\/\/www.apple.com\/es\/privacy\/use-of-cookies\/\">www.apple.com\/es\/privacy\/use-of-cookies\/ <\/a><\/li>\n<\/ul>\n<p>Adem\u00e1s, tambi\u00e9n puede gestionar el almac\u00e9n de cookies en su navegador a trav\u00e9s de herramientas como las siguientes:<\/p>\n<ul class=\"faq-list\">\n<li>Ghostery: <a href=\"http:\/\/www.ghostery.com\/\">www.ghostery.com\/ <\/a><\/li>\n<li>Your online choices: <a href=\"http:\/\/www.youronlinechoices.com\/es\/\">www.youronlinechoices.com\/es\/ <\/a><\/li>\n<\/ul>\n<p><\/p>","protected":false},"excerpt":{"rendered":"<p>Pol\u00edtica sobre cookies El Ayuntamiento de Vigo\u00a0 informa acerca del uso de las cookies en sus p\u00e1ginas web. Las cookies son archivos que se pueden&hellip;<\/p>\n","protected":false},"author":4,"featured_media":0,"parent":0,"menu_order":0,"comment_status":"closed","ping_status":"closed","template":"","meta":{"_monsterinsights_skip_tracking":false,"_monsterinsights_sitenote_active":false,"_monsterinsights_sitenote_note":"","_monsterinsights_sitenote_category":0,"footnotes":""},"class_list":["post-3121","page","type-page","status-publish","hentry"],"_links":{"self":[{"href":"https:\/\/datos.vigo.org\/es\/wp-json\/wp\/v2\/pages\/3121","targetHints":{"allow":["GET"]}}],"collection":[{"href":"https:\/\/datos.vigo.org\/es\/wp-json\/wp\/v2\/pages"}],"about":[{"href":"https:\/\/datos.vigo.org\/es\/wp-json\/wp\/v2\/types\/page"}],"author":[{"embeddable":true,"href":"https:\/\/datos.vigo.org\/es\/wp-json\/wp\/v2\/users\/4"}],"replies":[{"embeddable":true,"href":"https:\/\/datos.vigo.org\/es\/wp-json\/wp\/v2\/comments?post=3121"}],"version-history":[{"count":3,"href":"https:\/\/datos.vigo.org\/es\/wp-json\/wp\/v2\/pages\/3121\/revisions"}],"predecessor-version":[{"id":3135,"href":"https:\/\/datos.vigo.org\/es\/wp-json\/wp\/v2\/pages\/3121\/revisions\/3135"}],"wp:attachment":[{"href":"https:\/\/datos.vigo.org\/es\/wp-json\/wp\/v2\/media?parent=3121"}],"curies":[{"name":"wp","href":"https:\/\/api.w.org\/{rel}","templated":true}]}}