{"id":3123,"date":"2020-01-08T09:16:11","date_gmt":"2020-01-08T09:16:11","guid":{"rendered":"https:\/\/datos.vigo.org\/?page_id=3123"},"modified":"2020-01-08T09:40:35","modified_gmt":"2020-01-08T09:40:35","slug":"proteccion-de-datos","status":"publish","type":"page","link":"https:\/\/datos.vigo.org\/es\/proteccion-de-datos\/","title":{"rendered":"Protecci\u00f3n de datos"},"content":{"rendered":"<p><\/p>\n<h1>Protecci\u00f3n de datos<\/h1>\n<p lang=\"gl-ES\">El Ayuntamiento de Vigo est\u00e1 sujeto, a difundir cualquier clase de datasets a trav\u00e9s del Portal de datos, al cumplimiento \u00edntegro de la normativa reguladora de la protecci\u00f3n de datos de car\u00e1cter personal, constituida por el Reglamento (UE) 2016\/679, (Reglamento General de Protecci\u00f3n de datos) del Parlamento Europeo y del Consejo, de 27 de abril de 2016, as\u00ed como por la Ley org\u00e1nica 3\/2018, de 5 de diciembre, de protecci\u00f3n de datos personales y garant\u00eda de los derechos digitales.<\/p>\n<p lang=\"gl-ES\">A estos efectos, se ha procurado que los datos publicados en el Portal Open Data sean objeto de un proceso de disociaci\u00f3n no reversible y anonimizaci\u00f3n siempre que sea posible, de forma previa a su publicaci\u00f3n; de modo que se impida la identificaci\u00f3n de personas a trav\u00e9s de los datos publicados.<br \/>\nQuien se considere lesionado en su derecho a la protecci\u00f3n de datos de car\u00e1cter personal puede contactar con el Ayuntamiento de Vigo a trav\u00e9s del siguiente correo electr\u00f3nico: dpd@vigo.org<\/p>\n<p><\/p>","protected":false},"excerpt":{"rendered":"<p>Protecci\u00f3n de datos El Ayuntamiento de Vigo est\u00e1 sujeto, a difundir cualquier clase de datasets a trav\u00e9s del Portal de datos, al cumplimiento \u00edntegro de&hellip;<\/p>\n","protected":false},"author":4,"featured_media":0,"parent":0,"menu_order":0,"comment_status":"closed","ping_status":"closed","template":"","meta":{"_monsterinsights_skip_tracking":false,"_monsterinsights_sitenote_active":false,"_monsterinsights_sitenote_note":"","_monsterinsights_sitenote_category":0,"footnotes":""},"class_list":["post-3123","page","type-page","status-publish","hentry"],"_links":{"self":[{"href":"https:\/\/datos.vigo.org\/es\/wp-json\/wp\/v2\/pages\/3123","targetHints":{"allow":["GET"]}}],"collection":[{"href":"https:\/\/datos.vigo.org\/es\/wp-json\/wp\/v2\/pages"}],"about":[{"href":"https:\/\/datos.vigo.org\/es\/wp-json\/wp\/v2\/types\/page"}],"author":[{"embeddable":true,"href":"https:\/\/datos.vigo.org\/es\/wp-json\/wp\/v2\/users\/4"}],"replies":[{"embeddable":true,"href":"https:\/\/datos.vigo.org\/es\/wp-json\/wp\/v2\/comments?post=3123"}],"version-history":[{"count":3,"href":"https:\/\/datos.vigo.org\/es\/wp-json\/wp\/v2\/pages\/3123\/revisions"}],"predecessor-version":[{"id":3133,"href":"https:\/\/datos.vigo.org\/es\/wp-json\/wp\/v2\/pages\/3123\/revisions\/3133"}],"wp:attachment":[{"href":"https:\/\/datos.vigo.org\/es\/wp-json\/wp\/v2\/media?parent=3123"}],"curies":[{"name":"wp","href":"https:\/\/api.w.org\/{rel}","templated":true}]}}