{"id":3126,"date":"2020-01-08T09:17:19","date_gmt":"2020-01-08T09:17:19","guid":{"rendered":"https:\/\/datos.vigo.org\/?page_id=3126"},"modified":"2020-01-08T19:40:25","modified_gmt":"2020-01-08T19:40:25","slug":"accesibilidad","status":"publish","type":"page","link":"https:\/\/datos.vigo.org\/es\/accesibilidad\/","title":{"rendered":"Accesibilidad"},"content":{"rendered":"<p><\/p>\n<h1>Accesibilidad<\/h1>\n<div class=\"cte\">\n<p>El\u00a0<strong>Ayuntamiento de Vigo<\/strong>\u00a0se ha comprometido a hacer accesible sus sitios web de conformidad con el\u00a0<a title=\"Enlace externo, se abre en ventana nueva.\" href=\"https:\/\/www.boe.es\/diario_boe\/txt.php?id=BOE-A-2018-12699\" target=\"_blank\" rel=\"external noopener noreferrer\">Real Decreto 1112\/2018<\/a>, de 7 de septiembre, sobre accesibilidad de los sitios web y aplicaciones para dispositivos m\u00f3viles del sector p\u00fablico.<\/p>\n<p>La presente declaraci\u00f3n de accesibilidad se aplica al portal:\u00a0<strong>datos.vigo.org<\/strong><\/p>\n<h2>Situaci\u00f3n de cumplimiento<\/h2>\n<p>Los portales del ayuntamiento se han dise\u00f1ado adapt\u00e1ndose a los est\u00e1ndares y normativas vigentes en relaci\u00f3n con la accesibilidad y la usabilidad, y se revisan al menos de forma semestral para mantenerlos actualizados. No obstante, es posible que encuentre alg\u00fan contenido que no se adapte al 100% a estos est\u00e1ndares.<\/p>\n<p>Los sitios webs del ayuntamiento son\u00a0<strong>parcialmente conformes<\/strong>\u00a0con el\u00a0<a title=\"Enlace externo, se abre en ventana nueva.\" href=\"https:\/\/www.boe.es\/diario_boe\/txt.php?id=BOE-A-2018-12699\" target=\"_blank\" rel=\"external noopener noreferrer\">RD 1112\/2018<\/a>\u00a0debido a las excepciones y a la falta de conformidad de los aspectos que se indican a continuaci\u00f3n.<\/p>\n<h2>Contenido no accesible<\/h2>\n<p>El contenido que se recoge a continuaci\u00f3n no es accesible por lo siguiente:<\/p>\n<ul>\n<li><strong>Falta de conformidad con el RD 1112\/2018<\/strong>\n<ul>\n<li>En los portales pudieran existir contenidos en otros idiomas en los que no est\u00e1 etiquetado correctamente el cambio de idioma<\/li>\n<li>En algunos contenidos podr\u00eda detectarse cierta falta de contraste<\/li>\n<li>En algunas p\u00e1ginas podr\u00edan identificarse problemas en la generaci\u00f3n del html (ej. listas incorrectamente formadas, tablas que no cumplen por completo la normativa de accesibilidad, textos de enlaces demasiado largos e iframes sin la informaci\u00f3n necesaria)<\/li>\n<\/ul>\n<\/li>\n<\/ul>\n<ul>\n<li><strong>Carga desproporcionada<\/strong>\n<ul>\n<li>No aplica<\/li>\n<\/ul>\n<\/li>\n<\/ul>\n<ul>\n<li><strong>Contenido que no entra dentro del \u00e1mbito de la legislaci\u00f3n aplicable<\/strong>\n<ul>\n<li>Podr\u00edan existir documentos en PDF u otros formatos ofim\u00e1ticos y contenidos multimedia que no cumplan en su totalidad los requisitos de accesibilidad exigidos.<\/li>\n<\/ul>\n<\/li>\n<\/ul>\n<h2>Preparaci\u00f3n de la presente declaraci\u00f3n de accesibilidad<\/h2>\n<p>La presente declaraci\u00f3n de accesibilidad fue preparada el 8 de enero de 2020.<\/p>\n<p>El m\u00e9todo empleado para la presente declaraci\u00f3n ha sido una autoevaluaci\u00f3n realizada por el propio Ayuntamiento basada en los informes generados por el Observatorio de Accesibilidad.<\/p>\n<p>\u00daltima revisi\u00f3n de la declaraci\u00f3n: en la fecha indicada.<\/p>\n<h2>Observaciones y datos de contacto<\/h2>\n<p>Puede realizar\u00a0<strong>comunicaciones<\/strong>\u00a0sobre requisitos de accesibilidad (art\u00edculo 10.2.a del RD 1112\/2018) como por ejemplo:<\/p>\n<ul>\n<li>informar sobre cualquier posible incumplimiento por parte de este sitio web<\/li>\n<li>transmitir otras\u00a0<strong>dificultades de acceso<\/strong>\u00a0al contenido<\/li>\n<li>formular cualquier otra\u00a0<strong>consulta o sugerencia de mejora<\/strong>\u00a0relativa a la accesibilidad del sitio web<\/li>\n<\/ul>\n<p>a trav\u00e9s del\u00a0<a href=\"https:\/\/sede.vigo.org\/expedientes\/formularios\/queixas_suxestions.jsp?lang=es\">formulario de contacto<\/a>\u00a0de este sitio web.<\/p>\n<p>Las comunicaciones ser\u00e1n recibidas y tratadas por el Servicio de Administraci\u00f3n Electr\u00f3nica del Ayuntamiento de Vigo.<\/p>\n<h2>Procedimiento de aplicaci\u00f3n<\/h2>\n<p>El procedimiento de reclamaci\u00f3n recogido en el art\u00edculo 13 del RD 1112\/2018 entrar\u00e1 en vigor el\u00a0<strong>20 de septiembre de 2020.<\/strong><\/p>\n<h2>Contenido opcional<\/h2>\n<p>Estos sitios web:<\/p>\n<ul>\n<li>Se han dise\u00f1ado adapt\u00e1ndose a los est\u00e1ndares y normativas vigentes en relaci\u00f3n a la accesibilidad, cumpliendo con los puntos de verificaci\u00f3n de prioridad 2 (AA) definidos en la especificaci\u00f3n de Pautas de Accesibilidad al Contenido en la Web (WCAG 2.1)<\/li>\n<li>Cumplen con los requisitos de la Norma\u00a0<a title=\"Enlace externo, se abre en ventana nueva.\" href=\"http:\/\/administracionelectronica.gob.es\/pae_Home\/dam\/jcr:2352eaaf-2ee8-4501-a67b-bb682c6de934\/Norma_UNE-EN_301549.pdf\" target=\"_blank\" rel=\"external noopener noreferrer\">UNE-EN 301549 v1.1.2:2015<\/a>\u00a0considerando las excepciones del Real Decreto 1112\/2018<\/li>\n<li>Est\u00e1n dise\u00f1ados para su correcta visualizaci\u00f3n en dispositivos de escritorio, tablets y m\u00f3viles para una resoluci\u00f3n m\u00ednima de\u00a0<strong>1280&#215;1024<\/strong><\/li>\n<li>Est\u00e1n implementados utilizando HTML5 como lenguaje de marcado y hojas de estilo CSS 3 para su dise\u00f1o. Se ha verificado la accesibilidad mediante la\u00a0<a title=\"Enlace externo, se abre en ventana nueva.\" href=\"http:\/\/validator.w3.org\/\" target=\"_blank\" rel=\"external noopener noreferrer\">herramienta de validaci\u00f3n del c\u00f3digo HTML<\/a><img decoding=\"async\" src=\"http:\/\/www.educacionyfp.gob.es\/docroot\/img\/iconos\/13\/ico-nv.gif\" alt=\"Nueva ventana\" width=\"16\" height=\"14\" \/>, siendo el resultado de este an\u00e1lisis positivo<\/li>\n<li>Est\u00e1n dise\u00f1ado para su uso con javascript no intrusivo ofreciendo, en el caso de que su navegador no lo soporte, su correspondiente alternativa no javascript<\/li>\n<li>En caso de que el usuario acceda al portal a trav\u00e9s de un navegador que no soporte hojas de estilo, el marcado estructural permite la correcta visualizaci\u00f3n de todos los contenidos. Si se selecciona la opci\u00f3n sin estilo, se visualizar\u00e1n las p\u00e1ginas sin ning\u00fan tipo de formato visual<\/li>\n<\/ul>\n<\/div>\n<p>Hay que tener en cuenta que para realizar operaciones con firma electr\u00f3nica el navegador debe utilizar javascript y los componentes clientes de firma electr\u00f3nica necesarios<\/p>","protected":false},"excerpt":{"rendered":"<p>Accesibilidad El\u00a0Ayuntamiento de Vigo\u00a0se ha comprometido a hacer accesible sus sitios web de conformidad con el\u00a0Real Decreto 1112\/2018, de 7 de septiembre, sobre accesibilidad de&hellip;<\/p>\n","protected":false},"author":4,"featured_media":0,"parent":0,"menu_order":0,"comment_status":"closed","ping_status":"closed","template":"","meta":{"_monsterinsights_skip_tracking":false,"_monsterinsights_sitenote_active":false,"_monsterinsights_sitenote_note":"","_monsterinsights_sitenote_category":0,"footnotes":""},"class_list":["post-3126","page","type-page","status-publish","hentry"],"_links":{"self":[{"href":"https:\/\/datos.vigo.org\/es\/wp-json\/wp\/v2\/pages\/3126","targetHints":{"allow":["GET"]}}],"collection":[{"href":"https:\/\/datos.vigo.org\/es\/wp-json\/wp\/v2\/pages"}],"about":[{"href":"https:\/\/datos.vigo.org\/es\/wp-json\/wp\/v2\/types\/page"}],"author":[{"embeddable":true,"href":"https:\/\/datos.vigo.org\/es\/wp-json\/wp\/v2\/users\/4"}],"replies":[{"embeddable":true,"href":"https:\/\/datos.vigo.org\/es\/wp-json\/wp\/v2\/comments?post=3126"}],"version-history":[{"count":2,"href":"https:\/\/datos.vigo.org\/es\/wp-json\/wp\/v2\/pages\/3126\/revisions"}],"predecessor-version":[{"id":3137,"href":"https:\/\/datos.vigo.org\/es\/wp-json\/wp\/v2\/pages\/3126\/revisions\/3137"}],"wp:attachment":[{"href":"https:\/\/datos.vigo.org\/es\/wp-json\/wp\/v2\/media?parent=3126"}],"curies":[{"name":"wp","href":"https:\/\/api.w.org\/{rel}","templated":true}]}}