{"id":3267,"date":"2020-06-26T07:14:23","date_gmt":"2020-06-26T07:14:23","guid":{"rendered":"https:\/\/datos.vigo.org\/?page_id=3267"},"modified":"2020-06-29T11:22:11","modified_gmt":"2020-06-29T11:22:11","slug":"plan-municipal-de-impulso-da-reutilizacion-da-informacion","status":"publish","type":"page","link":"https:\/\/datos.vigo.org\/es\/plan-municipal-de-impulso-da-reutilizacion-da-informacion\/","title":{"rendered":"Plan Municipal de impulso de la reutilizaci\u00f3n de la informaci\u00f3n"},"content":{"rendered":"<p><\/p>\n<div class=\"page\" title=\"Page 4\">\n<div class=\"section\">\n<div class=\"layoutArea\">\n<div class=\"column\">\n<h1>Plan Municipal de impulso de la reutilizaci\u00f3n de la informaci\u00f3n<\/h1>\n<p>El Ayuntamiento de Vigo es consciente que los Datos Abiertos constituuyen un activo importante y de alto valor a\u00f1adido para dar respuesta a las nuevas demandas de la sociedad y aa la creaci\u00f3n de nuevos y m\u00e1s innovadores productos y servicios que contribuyan al desarrollo de una sociedad m\u00e1s avanzada y que nos abre la puerta a todo un abanico de posibilidades de crecimiento econ\u00f3mico y social.<\/p>\n<p>Los datos en posesi\u00f3n de las AAPP permiten:<\/p>\n<ol>\n<li>\u00a0Impulsar la innovaci\u00f3n y generar valor y riqueza: Obteniendo productos derivados de los datos por parte de los emprendedores, universidades, empresas, compan\u0303\u00edas del sector reutilizador y la cidadan\u00eda en general. El Ayuntamiento de Vigo pretende impulsar el emprendimiento y la innovaci\u00f3n con la creaci\u00f3n de este portal de datos abiertos de la ciudad.<\/li>\n<li>Mejorar la interoperabilidad entre administraciones: Facilitando la creaci\u00f3n de servicios para la cidadan\u00eda que utilicen datos de diferentes administraciones p\u00fablicas. El Ayuntamiento de Vigo ya est\u00e1 utilizando actualmente informaci\u00f3n de portales Open Data de otras administraciones como datos meteorol\u00f3gicos, mapas y datos geogra\u0301ficos, datos estadi\u0301sticos, informacio\u0301n de precios de gasolineras, informacio\u0301n de la DGT, \u2026<\/li>\n<li>Ordenacio\u0301n interna de la informacio\u0301n de la administracio\u0301n: Promoviendo la eficiencia en la documentacio\u0301n y clasificacio\u0301n de datos. La publicacio\u0301n de datos abiertos tiene el requerimiento previo que estos est\u00e9n estructurados, depurados y revisados. El datos se centralizar\u00e1n previamente en la plataforma smart city mejorando la gestio\u0301n interna de la administracio\u0301n.<\/li>\n<\/ol>\n<p>La publicacio\u0301n de datos abiertos prove\u00eddos por el Ayuntamiento de Vigo se amparara en la normativa vigente respeto de este tema y principalmente en la Ley 37\/2007, de 16 de noviembre, sobre Reutilizacio\u0301n de la Informacio\u0301n del Sector Pu\u0301blico y la Ley 18\/2015, de 9 de julio, por la que se modifica la Ley 37\/2007, de 16 de noviembre, sobre reutilizacio\u0301n de la informacio\u0301n del sector pu\u0301blico.<\/p>\n<\/div>\n<\/div>\n<\/div>\n<\/div>\n<div class=\"page\" title=\"Page 5\">\n<div class=\"section\">\n<div class=\"layoutArea\">\n<div class=\"column\">\n<p>Para conseguir estos objetivos el Ayuntamiento de Vigo realizar\u00e1 las siguientes actuaciones englobadas en el siguiente \u201cPlan Municipal de Impulso de la Reutilizacio\u0301n de la Informacio\u0301n\u201d con los siguientes objetivos y actuaciones:<\/p>\n<ol>\n<li>CENTRALIZACIO\u0301N Y ESTRUTURACIO\u0301N DE LOS DATOS ABIERTOS DE LA CIUDAD\n<ul>\n<li>Potenciar la colaboracio\u0301n y coordinacio\u0301n entre los diferentes servicios del Ayuntamiento de Vigo para impulsar la apertura de datos y su reutilizacio\u0301n<\/li>\n<li>Crear y mantener el \u201cCat\u00e1logo de Datos Abiertos\u201d del Ayuntamiento de Vigo siguiendo la catalogacio\u0301n tema\u0301tica, asi\u0301 c\u00f3mo las recomendacioones, de la Norma Te\u0301cnica de Interoperabilidad de Reutilizacio\u0301n de recursos de la informacio\u0301n de resolucio\u0301n de 19 de febrero de 2013, de la Secretari\u0301a de Estado de Administraciones Pu\u0301blicas.<\/li>\n<li>Centralizar la informacio\u0301n, siempre que sea posible tanto t\u00e9cnicamente como por recursos, a trave\u0301s de la plataforma ciudad VCI+ 2.0<\/li>\n<li>Los datos que sean georreferenciables deber\u00e1n publicarse y estructurarse incorporando a geometr\u00eda del territorio, siempre que sea posible tanto t\u00e9cnicamente como por recursos.<\/li>\n<li>Incorporar al \u201cCat\u00e1logo de Datos Abiertos\u201d los datos que ya sean pu\u0301blicos en formato reutilizable e impulsar la inclusio\u0301n de los nuevos datos pu\u0301blicos para su reutilizacio\u0301n, siempre que sea posible tanto t\u00e9cnicamente como por recursos.<\/li>\n<li>Publicar el \u201cCat\u00e1logo de Datos Abiertos\u201d en el portal del Estado datos.gob.eres.<\/li>\n<\/ul>\n<\/li>\n<li>CREACI\u00d3N Y GESTI\u00d3N DEL PORTAL DE DATOS ABIERTOS DEL AYUNTAMIENTO DE VIGO\n<ul>\n<li>Debe crearse el Portal de Datos Abiertos del Ayuntamiento de Vigo en la direccio\u0301n web: https:\/\/datos.vigo.org<\/li>\n<li>Se habilitar\u00e1 tambi\u00e9n, junto con el \u201cPortal de Datos Abiertos\u201d el \u201cPortal de Mapas Geogra\u0301ficos\u201d donde pueda consultarse la informacio\u0301n abierta y georreferenciable del territorio en formato reutilizable. Este portal permitir\u00e1 acceder de forma sencilla y visual aa la informacio\u0301n geogr\u00e1fica mediante mapas tema\u0301ticos e interactivos.<\/li>\n<li>Publicacio\u0301n del Cat\u00e1logo de Datos Abiertos en el Portal<\/li>\n<li>Creacio\u0301n y aprobacio\u0301n de las normas o condiciones de uso de los datos abiertos<\/li>\n<li>El Canal de Comunicacio\u0301n y Participacio\u0301n del Portal sera\u0301 publicado en el propio portal y podr\u00e1 emplearse tambi\u00e9n el sistema de quejas y sugerencias del Ayuntamiento de Vigo. Se habilitar\u00e1 un Inventario de Aplicaciones que consuman Datos del Portal<\/li>\n<\/ul>\n<\/li>\n<li>ACCIONES DE IMPULSO Y FOMENTO DE La INNOVACIO\u0301N A TRAVE\u0301S DE LOS DATOS ABIERTOS\n<ul>\n<li>Impulso de la formacio\u0301n en el \u00e1mbito municipal sobre la funcio\u0301n de Apertura de Datos<\/li>\n<li>Promocio\u0301n de la comunidad de reutilizadores, impulsar el desarrollo de iniciativas de organizacio\u0301n de eventos de reutilizacio\u0301n o jornadas con especialistas de reutilizacio\u0301n<\/li>\n<\/ul>\n<\/li>\n<\/ol>\n<\/div>\n<\/div>\n<\/div>\n<\/div>\n<p><\/p>","protected":false},"excerpt":{"rendered":"<p>Plan Municipal de impulso de la reutilizaci\u00f3n de la informaci\u00f3n El Ayuntamiento de Vigo es consciente que los Datos Abiertos constituuyen un activo importante y&hellip;<\/p>\n","protected":false},"author":4,"featured_media":0,"parent":0,"menu_order":0,"comment_status":"closed","ping_status":"closed","template":"","meta":{"_monsterinsights_skip_tracking":false,"_monsterinsights_sitenote_active":false,"_monsterinsights_sitenote_note":"","_monsterinsights_sitenote_category":0,"footnotes":""},"class_list":["post-3267","page","type-page","status-publish","hentry"],"_links":{"self":[{"href":"https:\/\/datos.vigo.org\/es\/wp-json\/wp\/v2\/pages\/3267","targetHints":{"allow":["GET"]}}],"collection":[{"href":"https:\/\/datos.vigo.org\/es\/wp-json\/wp\/v2\/pages"}],"about":[{"href":"https:\/\/datos.vigo.org\/es\/wp-json\/wp\/v2\/types\/page"}],"author":[{"embeddable":true,"href":"https:\/\/datos.vigo.org\/es\/wp-json\/wp\/v2\/users\/4"}],"replies":[{"embeddable":true,"href":"https:\/\/datos.vigo.org\/es\/wp-json\/wp\/v2\/comments?post=3267"}],"version-history":[{"count":4,"href":"https:\/\/datos.vigo.org\/es\/wp-json\/wp\/v2\/pages\/3267\/revisions"}],"predecessor-version":[{"id":3272,"href":"https:\/\/datos.vigo.org\/es\/wp-json\/wp\/v2\/pages\/3267\/revisions\/3272"}],"wp:attachment":[{"href":"https:\/\/datos.vigo.org\/es\/wp-json\/wp\/v2\/media?parent=3267"}],"curies":[{"name":"wp","href":"https:\/\/api.w.org\/{rel}","templated":true}]}}