{"id":3273,"date":"2020-06-29T11:38:52","date_gmt":"2020-06-29T11:38:52","guid":{"rendered":"https:\/\/datos.vigo.org\/?page_id=3273"},"modified":"2020-06-29T11:40:03","modified_gmt":"2020-06-29T11:40:03","slug":"envia-a-tua-aplicacion","status":"publish","type":"page","link":"https:\/\/datos.vigo.org\/es\/envia-a-tua-aplicacion\/","title":{"rendered":"Solicitud de Datos Abiertos"},"content":{"rendered":"<p><\/p>\n<h1 class=\"titulo-vigo\" style=\"text-align: left;\">Solicitud de Datos Abiertos<\/h1>\n<p style=\"padding-bottom: 20px; text-align: left;\">El procedimiento para solicitar la inclusi\u00f3n de datos abiertos es a trav\u00e9s del registro electr\u00f3nico\u00a0 a trav\u00e9s de la <a href=\"https:\/\/sede.vigo.org\/expedientes\/usuarios\/login.jsp?lang=gal\">Carpeta Ciudadana<\/a>.<\/p>\n<p>Si nos quieres mandar una sugerencia lo puedes hacer a trav\u00e9s de este formulario de contacto:<\/p>\n<p style=\"text-align: center;\"><p class=\"wpcf7-subscribers-only\">Este formulario de contacto solo est\u00e1 disponible para usuarios registrados.<\/p><\/p>\n<p><\/p>","protected":false},"excerpt":{"rendered":"<p>Solicitud de Datos Abiertos El procedimiento para solicitar la inclusi\u00f3n de datos abiertos es a trav\u00e9s del registro electr\u00f3nico\u00a0 a trav\u00e9s de la Carpeta Ciudadana.&hellip;<\/p>\n","protected":false},"author":4,"featured_media":0,"parent":0,"menu_order":0,"comment_status":"closed","ping_status":"closed","template":"","meta":{"_monsterinsights_skip_tracking":false,"_monsterinsights_sitenote_active":false,"_monsterinsights_sitenote_note":"","_monsterinsights_sitenote_category":0,"footnotes":""},"class_list":["post-3273","page","type-page","status-publish","hentry"],"_links":{"self":[{"href":"https:\/\/datos.vigo.org\/es\/wp-json\/wp\/v2\/pages\/3273","targetHints":{"allow":["GET"]}}],"collection":[{"href":"https:\/\/datos.vigo.org\/es\/wp-json\/wp\/v2\/pages"}],"about":[{"href":"https:\/\/datos.vigo.org\/es\/wp-json\/wp\/v2\/types\/page"}],"author":[{"embeddable":true,"href":"https:\/\/datos.vigo.org\/es\/wp-json\/wp\/v2\/users\/4"}],"replies":[{"embeddable":true,"href":"https:\/\/datos.vigo.org\/es\/wp-json\/wp\/v2\/comments?post=3273"}],"version-history":[{"count":2,"href":"https:\/\/datos.vigo.org\/es\/wp-json\/wp\/v2\/pages\/3273\/revisions"}],"predecessor-version":[{"id":3275,"href":"https:\/\/datos.vigo.org\/es\/wp-json\/wp\/v2\/pages\/3273\/revisions\/3275"}],"wp:attachment":[{"href":"https:\/\/datos.vigo.org\/es\/wp-json\/wp\/v2\/media?parent=3273"}],"curies":[{"name":"wp","href":"https:\/\/api.w.org\/{rel}","templated":true}]}}