{"id":3377,"date":"2023-02-17T10:29:19","date_gmt":"2023-02-17T10:29:19","guid":{"rendered":"https:\/\/datos.vigo.org\/?page_id=3377"},"modified":"2023-02-17T10:40:48","modified_gmt":"2023-02-17T10:40:48","slug":"xemelgo-dixital-de-vigo","status":"publish","type":"page","link":"https:\/\/datos.vigo.org\/es\/xemelgo-dixital-de-vigo\/","title":{"rendered":"Gemelo digital de la ciudad de Vigo"},"content":{"rendered":"<div class=\"row-layout app-root-emotion-cache-ltr-h5s9fd\" data-layoutid=\"layout_11\">\n<div class=\"app-root-emotion-cache-ltr-1gou88x\">\n<div class=\"app-root-emotion-cache-ltr-phrxpz\">\n<div class=\"layout-animation row h-100 m-0 flex-nowrap app-root-emotion-cache-ltr-bw1xvy\">\n<div class=\"d-flex layout-item row-layout-item col-12 offset-0 is-widget app-root-emotion-cache-ltr-1111208\" data-layoutitemid=\"0\" data-layoutid=\"layout_11\">\n<div class=\"widget-renderer layout-item-content w-100 app-root-emotion-cache-ltr-126s98e\" data-widgetid=\"widget_19\">\n<div class=\"widget-content\">\n<div class=\"widget-text jimu-widget p-1 app-root-emotion-cache-ltr-1dsbb11\" data-testid=\"text-widget\">\n<div class=\" app-root-emotion-cache-ltr-1dngg2c\" title=\"\">\n<div class=\"scroll app-root-emotion-cache-ltr-1e5gfia\">\n<div class=\"scroll-root\">\n<div class=\"rich-displayer app-root-emotion-cache-ltr-kmyupb\" data-testid=\"rich-displayer\">\n<div class=\"page\" role=\"region\" data-page-number=\"1\" aria-label=\"P\u00e1gina 1\" data-loaded=\"true\"><\/p>\n<h1>Gemelo Digital de Vigo 3D<\/h1>\n<p><img fetchpriority=\"high\" decoding=\"async\" class=\"alignnone size-full wp-image-3378\" src=\"https:\/\/datos.vigo.org\/wp-content\/uploads\/2023\/02\/1659696299986-scaled.jpg\" alt=\"Gemelo digital de Vigo\" width=\"2560\" height=\"1033\" srcset=\"https:\/\/datos.vigo.org\/wp-content\/uploads\/2023\/02\/1659696299986-scaled.jpg 2560w, https:\/\/datos.vigo.org\/wp-content\/uploads\/2023\/02\/1659696299986-300x121.jpg 300w, https:\/\/datos.vigo.org\/wp-content\/uploads\/2023\/02\/1659696299986-1024x413.jpg 1024w, https:\/\/datos.vigo.org\/wp-content\/uploads\/2023\/02\/1659696299986-768x310.jpg 768w, https:\/\/datos.vigo.org\/wp-content\/uploads\/2023\/02\/1659696299986-1536x620.jpg 1536w, https:\/\/datos.vigo.org\/wp-content\/uploads\/2023\/02\/1659696299986-2048x826.jpg 2048w\" sizes=\"(max-width: 2560px) 100vw, 2560px\" \/><\/p>\n<p>A partir de los datos de edificios, modelos digitales del terreno, cartograf\u00eda y nubes de puntos\u00a0 se modela\u00a0 la ciudad obteniendo un \u00abgemelo digital 3D\u00bb de Vigo. Este gemelo permite realizar an\u00e1lisis de la ciudad, simulaciones y mejorar las capacidades de respuesta y resilencia. Los modelos ser\u00e1n publicados en abierto para su uso por investigadores o integraci\u00f3n en futuras plataformas de realidad aumentada.<\/p>\n<h2><strong><span dir=\"ltr\" role=\"presentation\">Vigo 3D<\/span><\/strong><\/h2>\n<p><span dir=\"ltr\" role=\"presentation\">El <a href=\"https:\/\/mapas.vigo.org\/pages\/gemelo-digital-3d-vigo\">portal web de Vigo 3D<\/a> es una novedosa e innovadora plataforma de comunicaci\u00f3n a la <\/span><span dir=\"ltr\" role=\"presentation\">ciudadan\u00eda dentro del proyecto de smart city municipal y el proyecto DUSI \u201cVigo Vertical\u201d.<\/span><\/p>\n<p><span dir=\"ltr\" role=\"presentation\">En este nuevo portal, la ciudadan\u00eda, empresas y entidades de innovaci\u00f3n, podr\u00e1n acceder y <\/span><span dir=\"ltr\" role=\"presentation\">visualizar proyectos de ciudad, reconstrucciones 3D y acceder a informaci\u00f3n en tres <\/span><span dir=\"ltr\" role=\"presentation\">dimensiones interactiva de los servicios municipales. Adem\u00e1s tambi\u00e9n sirve como laboratorio <\/span><span dir=\"ltr\" role=\"presentation\">urbano sobre el que es posible realizar an\u00e1lisis avanzados y simulaciones sobre el territorio y <\/span><span dir=\"ltr\" role=\"presentation\">mostrar los resultados.<\/span><\/p>\n<p><a href=\"https:\/\/mapas.vigo.org\/pages\/gemelo-digital-3d-vigo\">Acceso al portal de Gemelo Digital de Vigo 3D<\/a><\/p>\n<h2><strong><span dir=\"ltr\" role=\"presentation\">M<\/span><span dir=\"ltr\" role=\"presentation\">odelos virtuales 3D de ciudades<\/span><\/strong><\/h2>\n<p><span dir=\"ltr\" role=\"presentation\">Los<\/span> <span dir=\"ltr\" role=\"presentation\">modelos<\/span> <span dir=\"ltr\" role=\"presentation\">virtual<\/span><span dir=\"ltr\" role=\"presentation\">es<\/span> <span dir=\"ltr\" role=\"presentation\">3D<\/span> <span dir=\"ltr\" role=\"presentation\">de<\/span> <span dir=\"ltr\" role=\"presentation\">ciudades (tambi\u00e9n llamados gemelos digitales de ciudad) son <\/span><span dir=\"ltr\" role=\"presentation\">representaciones digitales que incorporan elementos<\/span> <span dir=\"ltr\" role=\"presentation\">de la ciudad (edificios, mobiliario, \u00e1rboles, <\/span><span dir=\"ltr\" role=\"presentation\">&#8230;)<\/span><span dir=\"ltr\" role=\"presentation\">,<\/span> <span dir=\"ltr\" role=\"presentation\">el entorno f\u00edsico del terreno y sus propiedades. Estos modelos virtuales 3D ya se emplean <\/span><span dir=\"ltr\" role=\"presentation\">ampliamente en la industria 4.0 para la generaci\u00f3n de prototipos y an\u00e1lisis de caracter\u00edsticas <\/span><span dir=\"ltr\" role=\"presentation\">antes de lanzar el producto final.<\/span><\/p>\n<p>Estas representaciones 3D de ciudad son herramientas clave en la gesti\u00f3n eficiente de las smart cities ya que:<\/p>\n<ul>\n<li>Ayudan en la planificaci\u00f3n estrat\u00e9gica y urban\u00edstica de la ciudad del presente y futuro<\/li>\n<li>Son herramientas de ayuda en la mejora continua de la seguridad y resilencia mediante simulaciones y an\u00e1lisis<\/li>\n<li>Refuerzan la sostenibilidad de la ciudad mediante anal\u00edticas avanzadas<\/li>\n<li>Sirven como nuevos canales interactivos o plataformas de difusi\u00f3n y demostraci\u00f3n de la ciudad hacia la ciudadan\u00eda potenciando el patrimonio, el medio ambiente y el turismo<\/li>\n<li>Aceleran la innovaci\u00f3n, fomenta la colaboraci\u00f3n y reducen tiempos y costes de proyectos<\/li>\n<\/ul>\n<h2><strong>Modelo digital 3D de Vigo<\/strong><\/h2>\n<p>El modelo digital 3D de Vigo es uno de los mayores proyectos, de este tipo, desarrollado en una ciudad espa\u00f1ola y publicado en abierto para su uso por la ciudadan\u00eda, empresas, investigadores o, incluso, en la integraci\u00f3n en futuras plataformas 3D de realidad aumentada como el metaverso.<\/p>\n<p>Permite a la ciudadan\u00eda navegar en 3D por la ciudad y sus edificios, poder ver proyectos de futuro como el Halo, ver resultados de anal\u00edticas avanzadas (energ\u00eda solar, inundaciones ruidos,\u2026), realizar mediciones o secciones tridimensionales o realizar visitas virtuales por elementos de inter\u00e9s de la ciudad.<\/p>\n<p>El proyecto consta de m\u00e1s de 25 visores web 3D interactivos accesibles de forma abierta y libre, y agrupados en 7 tem\u00e1ticas:<\/p>\n<ol>\n<li><strong>Vigo futuro 3D:<\/strong> La ciudadan\u00eda podr\u00e1 ver los proyectos de ciudad simulados sobre el territorio antes de su ejecuci\u00f3n. Se podr\u00e1 visitar de forma virtual en 3D el proyecto del Halo o las rampas de Gran V\u00eda en las fases I y II.<\/li>\n<li><strong>Anal\u00edticas 3D de ciudad:<\/strong> El modelo 3D digital de la ciudad permite realizar estudios anal\u00edticos avanzados de ciudad como an\u00e1lisis de energ\u00eda solar, mapas de ruidos, estudios de zonas inundables o de sombras y zonas de calor de la ciudad, por citar algunos ejemplos. En este apartado el usuario explorar estas anal\u00edticas avanzadas de la ciudad de forma interactiva.<\/li>\n<li><strong>Reconstrucciones de la ciudad:<\/strong> Reconstrucci\u00f3n realista del monte de O Castro, representaci\u00f3n 3D y visita virtual de un mapa del siglo XIX, y reconstrucci\u00f3n del arbolado de Vigo haciendo uso de algor\u00edtmica avanzada a partir de la nube de puntos de la ciudad.<\/li>\n<li><strong>Mapas 3D de servicios ciudad:<\/strong> Mapas interactivos de tr\u00e1fico, turismo, transporte o de las Islas C\u00edes.<\/li>\n<li><strong>Informaci\u00f3n de edificios:<\/strong> Visualizaci\u00f3n de los edificios por sus usos, mapas tem\u00e1ticos y visor de croquis catastrales.<\/li>\n<li><strong>Distribuci\u00f3n de la poblaci\u00f3n:<\/strong> Visores 3D de la distribuci\u00f3n de la poblaci\u00f3n en la ciudad<\/li>\n<li><strong>Nubes de puntos e im\u00e1genes 360\u00ba:<\/strong> Visualizaci\u00f3n de nubes de puntos 3D del mobile mapping municipal, as\u00ed como del l\u00eddar de PNOA y visualizaci\u00f3n inmersiva de im\u00e1genes 360\u00ba de la ciudad.<\/li>\n<\/ol>\n<p><em>NOTA: Para su visualizaci\u00f3n no es necesario instalar programas adicionales en el dispositivo ya que su visualizaci\u00f3n se realiza a trav\u00e9s del navegador web (tanto en ordenador, tablet o m\u00f3vil). Para una correcta experiencia se recomienda utilizar dispositivos con capacidades de visualizaci\u00f3n 3D.<\/em><\/p>\n<p><\/p>\n<\/div>\n<\/div>\n<\/div>\n<\/div>\n<\/div>\n<\/div>\n<\/div>\n<\/div>\n<\/div>\n<\/div>\n<\/div>\n<\/div>\n<\/div>","protected":false},"excerpt":{"rendered":"<p>Gemelo Digital de Vigo 3D A partir de los datos de edificios, modelos digitales del terreno, cartograf\u00eda y nubes de puntos\u00a0 se modela\u00a0 la ciudad&hellip;<\/p>\n","protected":false},"author":4,"featured_media":0,"parent":0,"menu_order":0,"comment_status":"closed","ping_status":"closed","template":"","meta":{"_monsterinsights_skip_tracking":false,"_monsterinsights_sitenote_active":false,"_monsterinsights_sitenote_note":"","_monsterinsights_sitenote_category":0,"footnotes":""},"class_list":["post-3377","page","type-page","status-publish","hentry"],"_links":{"self":[{"href":"https:\/\/datos.vigo.org\/es\/wp-json\/wp\/v2\/pages\/3377","targetHints":{"allow":["GET"]}}],"collection":[{"href":"https:\/\/datos.vigo.org\/es\/wp-json\/wp\/v2\/pages"}],"about":[{"href":"https:\/\/datos.vigo.org\/es\/wp-json\/wp\/v2\/types\/page"}],"author":[{"embeddable":true,"href":"https:\/\/datos.vigo.org\/es\/wp-json\/wp\/v2\/users\/4"}],"replies":[{"embeddable":true,"href":"https:\/\/datos.vigo.org\/es\/wp-json\/wp\/v2\/comments?post=3377"}],"version-history":[{"count":11,"href":"https:\/\/datos.vigo.org\/es\/wp-json\/wp\/v2\/pages\/3377\/revisions"}],"predecessor-version":[{"id":3389,"href":"https:\/\/datos.vigo.org\/es\/wp-json\/wp\/v2\/pages\/3377\/revisions\/3389"}],"wp:attachment":[{"href":"https:\/\/datos.vigo.org\/es\/wp-json\/wp\/v2\/media?parent=3377"}],"curies":[{"name":"wp","href":"https:\/\/api.w.org\/{rel}","templated":true}]}}