{"id":34,"date":"2019-02-04T11:31:09","date_gmt":"2019-02-04T11:31:09","guid":{"rendered":"http:\/\/localhost:8083\/wordpress\/?page_id=34"},"modified":"2019-10-15T10:37:13","modified_gmt":"2019-10-15T10:37:13","slug":"reutilizadores","status":"publish","type":"page","link":"https:\/\/datos.vigo.org\/es\/reutilizadores\/","title":{"rendered":"Desarrolladores"},"content":{"rendered":"<h1>Desarrolladores<\/h1>\r\n<p>Esta secci\u00f3n do portal Open Data Concello de Vigo pretende proporcionar informaci\u00f3n \u00fatil para os desenvolvedores de aplicaci\u00f3ns e para o p\u00fablico obxectivo cun perfil t\u00e9cnico.<\/p>\r\n<p><!-- \/wp:post-content --><\/p>\r\n<p><!-- wp:heading --><\/p>\r\n<h2>APIs<\/h2>\r\n<p><!-- \/wp:heading --><\/p>\r\n<p><!-- wp:paragraph --><\/p>\r\n<p>As API de APIs son interfaces que especifican como deben interactuar diferentes compo\u00f1entes de programas de ordenador. \u00c9 un conxunto de funci\u00f3ns e procedementos ofrecidos por outro programa para poder interactuar co programa en cuesti\u00f3n. Podemos distinguir tres tipos de APIs dispo\u00f1ibles a trav\u00e9s do Portal de Datos Abertos do Concello de Vigo:<\/p>\r\n<p><!-- \/wp:paragraph --><\/p>\r\n<p><!-- wp:list --><\/p>\r\n<ul>\r\n<li>APIs de xesti\u00f3n de cat\u00e1logo: Esta API \u00e9 utilizado para ver e xestionar informaci\u00f3n de cat\u00e1logo, como conxuntos de datos, recursos, etiquetas, etc &#8230;<\/li>\r\n<li>APIs de consulta de recursos GIS Open Data: Permite ao usuario consultar e filtrar a informaci\u00f3n contida nun CSV espec\u00edfico.<\/li>\r\n<\/ul>\r\n<p><!-- \/wp:list --><\/p>\r\n<p><!-- wp:paragraph --><\/p>\r\n<p>Tanto a API de xesti\u00f3n do cat\u00e1logo de datos aberto como a consulta sobre os recursos GIS utilizan servizos web REST en formato JSON (entrada e sa\u00edda).<\/p>\r\n<p><!-- \/wp:paragraph --><\/p>\r\n<p><!-- wp:paragraph --><\/p>\r\n<p>Moitos dos m\u00e9todos tam\u00e9n poden ser chamados directamente por URL engadindo os par\u00e1metros necesarios.<\/p>\r\n<h2>APIs de Xesti\u00f3n de Cat\u00e1logo CKAN<\/h2>\r\n<p>Esta API \u00e9 a que implementa <a href=\"http:\/\/ckan.org\" target=\"_blank\" rel=\"noopener noreferrer\">CKAN<\/a>. Na seguiente listaxe incluimos algunos exemplos de utilizaci\u00f3n do API:<\/p>\r\n<ul>\r\n<li>Cat\u00e1logo de datos simple:\u00a0<a href=\"https:\/\/datos-ckan.vigo.org\/api\/3\/action\/package_list\" target=\"_blank\" rel=\"noopener noreferrer\">https:\/\/datos-ckan.vigo.org\/api\/3\/action\/package_list<\/a><\/li>\r\n<li>Cat\u00e1logo de datos ampliado:\u00a0<a href=\"https:\/\/datos-ckan.vigo.org\/api\/3\/action\/package_search\" target=\"_blank\" rel=\"noopener noreferrer\">https:\/\/datos-ckan.vigo.org\/api\/3\/action\/package_search<\/a><\/li>\r\n<li>Listaxe de grupos (sectores): <a href=\"https:\/\/datos-ckan.vigo.org\/api\/3\/action\/group_list\" target=\"_blank\" rel=\"noopener noreferrer\">https:\/\/datos-ckan.vigo.orgs\/api\/3\/action\/group_list<\/a><\/li>\r\n<li>Listaxe de etiquetas: <a href=\"https:\/\/datos-ckan.vigo.org\/api\/3\/action\/tag_list\" target=\"_blank\" rel=\"noopener noreferrer\">http:\/\/datos-ckan.vigo.org\/api\/3\/action\/tag_list<\/a><\/li>\r\n<li>Toda a informaci\u00f3n dun conxunto de datos: <a href=\"https:\/\/datos-ckan.vigo.org\/api\/3\/action\/package_show?id=[id_distribucion]\" target=\"_blank\" rel=\"noopener noreferrer\">https:\/\/datos-ckan.vigo.org\/api\/3\/action\/package_show?id=[id_distribucion]<\/a><\/li>\r\n<\/ul>\r\n<p>Toda a documentaci\u00f3n do API REST de CKAN est\u00e1 dispo\u00f1ible na siguiente direcci\u00f3n: <a href=\"http:\/\/docs.ckan.org\/en\/latest\/api\/index.html\" target=\"_blank\" rel=\"noopener noreferrer\">http:\/\/docs.ckan.org\/en\/latest\/api\/index.html<\/a><\/p><!-- \/wp:paragraph -->","protected":false},"excerpt":{"rendered":"<p>Desarrolladores Esta secci\u00f3n do portal Open Data Concello de Vigo pretende proporcionar informaci\u00f3n \u00fatil para os desenvolvedores de aplicaci\u00f3ns e para o p\u00fablico obxectivo cun&hellip;<\/p>\n","protected":false},"author":1,"featured_media":0,"parent":0,"menu_order":0,"comment_status":"closed","ping_status":"closed","template":"","meta":{"_monsterinsights_skip_tracking":false,"_monsterinsights_sitenote_active":false,"_monsterinsights_sitenote_note":"","_monsterinsights_sitenote_category":0,"footnotes":""},"class_list":["post-34","page","type-page","status-publish","hentry"],"_links":{"self":[{"href":"https:\/\/datos.vigo.org\/es\/wp-json\/wp\/v2\/pages\/34","targetHints":{"allow":["GET"]}}],"collection":[{"href":"https:\/\/datos.vigo.org\/es\/wp-json\/wp\/v2\/pages"}],"about":[{"href":"https:\/\/datos.vigo.org\/es\/wp-json\/wp\/v2\/types\/page"}],"author":[{"embeddable":true,"href":"https:\/\/datos.vigo.org\/es\/wp-json\/wp\/v2\/users\/1"}],"replies":[{"embeddable":true,"href":"https:\/\/datos.vigo.org\/es\/wp-json\/wp\/v2\/comments?post=34"}],"version-history":[{"count":55,"href":"https:\/\/datos.vigo.org\/es\/wp-json\/wp\/v2\/pages\/34\/revisions"}],"predecessor-version":[{"id":3066,"href":"https:\/\/datos.vigo.org\/es\/wp-json\/wp\/v2\/pages\/34\/revisions\/3066"}],"wp:attachment":[{"href":"https:\/\/datos.vigo.org\/es\/wp-json\/wp\/v2\/media?parent=34"}],"curies":[{"name":"wp","href":"https:\/\/api.w.org\/{rel}","templated":true}]}}